{"id":140,"date":"2025-11-08T18:06:06","date_gmt":"2025-11-08T21:06:06","guid":{"rendered":"https:\/\/ibseguros.olimpohub.com.br\/?page_id=140"},"modified":"2025-12-07T10:30:28","modified_gmt":"2025-12-07T13:30:28","slug":"contatos","status":"publish","type":"page","link":"https:\/\/grupojasf.com.br\/auditoria-e-contabilidade\/contatos\/","title":{"rendered":"Contatos"},"content":{"rendered":"\t\t<div data-elementor-type=\"wp-page\" data-elementor-id=\"140\" class=\"elementor elementor-140\" data-elementor-post-type=\"page\">\n\t\t\t\t<div class=\"elementor-element elementor-element-149b562 e-flex e-con-boxed e-con e-parent\" data-id=\"149b562\" data-element_type=\"container\" data-settings=\"{&quot;background_background&quot;:&quot;classic&quot;}\">\n\t\t\t\t\t<div class=\"e-con-inner\">\n\t\t<div class=\"elementor-element elementor-element-527b745 e-con-full e-flex e-con e-child\" data-id=\"527b745\" data-element_type=\"container\" data-settings=\"{&quot;background_background&quot;:&quot;classic&quot;}\">\n\t\t\t\t<div class=\"elementor-element elementor-element-0b79ea9 elementor-widget elementor-widget-text-editor\" data-id=\"0b79ea9\" data-element_type=\"widget\" data-widget_type=\"text-editor.default\">\n\t\t\t\t\t\t\t\t\tMais de uma D\u00e9cada de Experi\u00eancia\t\t\t\t\t\t\t\t<\/div>\n\t\t\t\t<\/div>\n\t\t\t\t<div class=\"elementor-element elementor-element-7990484 elementor-widget__width-initial elementor-widget-mobile__width-inherit elementor-widget elementor-widget-heading\" data-id=\"7990484\" data-element_type=\"widget\" data-widget_type=\"heading.default\">\n\t\t\t\t\t<h2 class=\"elementor-heading-title elementor-size-default\">Vamos Construir um Futuro de Sucesso Juntos<\/h2>\t\t\t\t<\/div>\n\t\t\t\t<div class=\"elementor-element elementor-element-fbd72f1 elementor-widget__width-initial elementor-widget-mobile__width-inherit elementor-widget elementor-widget-text-editor\" data-id=\"fbd72f1\" data-element_type=\"widget\" data-widget_type=\"text-editor.default\">\n\t\t\t\t\t\t\t\t\tNa JASF Contabilidade, estamos aqui para ouvir voc\u00ea. Fale conosco sobre os desafios do seu neg\u00f3cio, suas d\u00favidas ou suas aspira\u00e7\u00f5es. Nossa equipe de especialistas est\u00e1 pronta para oferecer as solu\u00e7\u00f5es cont\u00e1beis e estrat\u00e9gicas que voc\u00ea precisa para crescer com seguran\u00e7a e confian\u00e7a.\t\t\t\t\t\t\t\t<\/div>\n\t\t<div class=\"elementor-element elementor-element-c6769e8 e-con-full e-flex e-con e-child\" data-id=\"c6769e8\" data-element_type=\"container\">\n\t\t\t\t<div class=\"elementor-element elementor-element-30422e1 elementor-align-justify elementor-widget__width-initial elementor-widget-mobile__width-inherit elementor-widget elementor-widget-button\" data-id=\"30422e1\" data-element_type=\"widget\" data-widget_type=\"button.default\">\n\t\t\t\t\t\t\t\t\t\t<a class=\"elementor-button elementor-button-link elementor-size-sm\" href=\"http:\/\/api.whatsapp.com\/send\/?phone=551150844238\">\n\t\t\t\t\t\t<span class=\"elementor-button-content-wrapper\">\n\t\t\t\t\t\t<span class=\"elementor-button-icon\">\n\t\t\t\t<svg xmlns=\"http:\/\/www.w3.org\/2000\/svg\" width=\"26\" height=\"26\" viewBox=\"0 0 26 26\" fill=\"none\"><path fill-rule=\"evenodd\" clip-rule=\"evenodd\" d=\"M17.5697 8.37949C17.7203 8.39275 17.8595 8.46525 17.9566 8.58105C18.0538 8.69685 18.101 8.84648 18.088 8.99708L17.5255 15.4263C17.5215 15.5028 17.5021 15.5777 17.4686 15.6466C17.435 15.7154 17.3879 15.7768 17.3301 15.8271C17.2723 15.8774 17.205 15.9155 17.1321 15.9391C17.0593 15.9628 16.9824 15.9716 16.9061 15.9649C16.8298 15.9582 16.7556 15.9363 16.688 15.9003C16.6203 15.8643 16.5606 15.8151 16.5124 15.7555C16.4642 15.696 16.4285 15.6274 16.4074 15.5537C16.3863 15.4801 16.3803 15.4029 16.3896 15.3269L16.8321 10.2693L8.56447 17.2067C8.44857 17.3039 8.29879 17.3511 8.14808 17.338C7.99737 17.3248 7.85806 17.2523 7.76082 17.1364C7.66357 17.0205 7.61635 16.8707 7.62953 16.72C7.64272 16.5693 7.71523 16.43 7.83113 16.3327L16.0988 9.39531L11.0412 8.95283C10.9647 8.94885 10.8897 8.9295 10.8209 8.89594C10.752 8.86238 10.6906 8.81529 10.6404 8.75748C10.5901 8.69968 10.552 8.63234 10.5283 8.55949C10.5046 8.48663 10.4959 8.40976 10.5025 8.33344C10.5092 8.25713 10.5312 8.18294 10.5672 8.11531C10.6031 8.04768 10.6523 7.98798 10.7119 7.93978C10.7714 7.89158 10.8401 7.85587 10.9137 7.83478C10.9874 7.81368 11.0645 7.80764 11.1405 7.817L17.5697 8.37949Z\" fill=\"white\"><\/path><\/svg>\t\t\t<\/span>\n\t\t\t\t\t\t\t\t\t<span class=\"elementor-button-text\">Falar com um especialista<\/span>\n\t\t\t\t\t<\/span>\n\t\t\t\t\t<\/a>\n\t\t\t\t\t\t\t\t<\/div>\n\t\t\t\t<\/div>\n\t\t\t\t<div class=\"elementor-element elementor-element-bc20569 elementor-widget elementor-widget-image\" data-id=\"bc20569\" data-element_type=\"widget\" data-widget_type=\"image.default\">\n\t\t\t\t\t\t\t\t\t\t\t\t\t\t\t<img decoding=\"async\" width=\"31\" height=\"57\" src=\"https:\/\/grupojasf.com.br\/auditoria-e-contabilidade\/wp-content\/uploads\/2025\/11\/Frame-1.png\" class=\"attachment-full size-full wp-image-415\" alt=\"\" \/>\t\t\t\t\t\t\t\t\t\t\t\t\t\t\t<\/div>\n\t\t\t\t\t<\/div>\n\t\t\t\t<\/div>\n\t\t<div class=\"elementor-element elementor-element-5a56945 e-flex e-con-boxed e-con e-parent\" data-id=\"5a56945\" data-element_type=\"container\" data-settings=\"{&quot;background_background&quot;:&quot;classic&quot;}\">\n\t\t\t\t\t<div class=\"e-con-inner\">\n\t\t<div class=\"elementor-element elementor-element-4448b97 e-con-full animated-slow e-flex elementor-invisible e-con e-child\" data-id=\"4448b97\" data-element_type=\"container\" data-settings=\"{&quot;animation&quot;:&quot;fadeIn&quot;}\">\n\t\t\t\t<div class=\"elementor-element elementor-element-cf4c15a elementor-widget elementor-widget-text-editor\" data-id=\"cf4c15a\" data-element_type=\"widget\" data-widget_type=\"text-editor.default\">\n\t\t\t\t\t\t\t\t\tContatos\t\t\t\t\t\t\t\t<\/div>\n\t\t\t\t<\/div>\n\t\t\t\t<div class=\"elementor-element elementor-element-2520315 elementor-widget__width-initial elementor-widget-mobile__width-inherit animated-slow elementor-invisible elementor-widget elementor-widget-heading\" data-id=\"2520315\" data-element_type=\"widget\" data-settings=\"{&quot;_animation&quot;:&quot;fadeIn&quot;}\" data-widget_type=\"heading.default\">\n\t\t\t\t\t<h2 class=\"elementor-heading-title elementor-size-default\">Canais de Atendimento<\/h2>\t\t\t\t<\/div>\n\t\t\t\t<div class=\"elementor-element elementor-element-2fcd6ee elementor-widget elementor-widget-text-editor\" data-id=\"2fcd6ee\" data-element_type=\"widget\" data-widget_type=\"text-editor.default\">\n\t\t\t\t\t\t\t\t\tEstamos prontos para ajudar voc\u00ea !\t\t\t\t\t\t\t\t<\/div>\n\t\t<div class=\"elementor-element elementor-element-fc4a482 e-con-full animated-slow e-flex elementor-invisible e-con e-child\" data-id=\"fc4a482\" data-element_type=\"container\" data-settings=\"{&quot;animation&quot;:&quot;fadeIn&quot;}\">\n\t\t<div class=\"elementor-element elementor-element-0bd3e3a e-con-full e-flex e-con e-child\" data-id=\"0bd3e3a\" data-element_type=\"container\" data-settings=\"{&quot;background_background&quot;:&quot;gradient&quot;}\">\n\t\t\t\t<div class=\"elementor-element elementor-element-d368524 elementor-widget elementor-widget-image\" data-id=\"d368524\" data-element_type=\"widget\" data-widget_type=\"image.default\">\n\t\t\t\t\t\t\t\t\t\t\t\t\t\t\t<img decoding=\"async\" width=\"70\" height=\"70\" src=\"https:\/\/grupojasf.com.br\/auditoria-e-contabilidade\/wp-content\/uploads\/2025\/12\/Group-1000010032.png\" class=\"attachment-full size-full wp-image-525\" alt=\"\" \/>\t\t\t\t\t\t\t\t\t\t\t\t\t\t\t<\/div>\n\t\t\t\t<div class=\"elementor-element elementor-element-a2a702f elementor-widget-mobile__width-initial elementor-widget elementor-widget-heading\" data-id=\"a2a702f\" data-element_type=\"widget\" data-widget_type=\"heading.default\">\n\t\t\t\t\t<h2 class=\"elementor-heading-title elementor-size-default\">Telefone<\/h2>\t\t\t\t<\/div>\n\t\t\t\t<div class=\"elementor-element elementor-element-80a9c9e elementor-widget elementor-widget-text-editor\" data-id=\"80a9c9e\" data-element_type=\"widget\" data-widget_type=\"text-editor.default\">\n\t\t\t\t\t\t\t\t\t11 5084-4238\t\t\t\t\t\t\t\t<\/div>\n\t\t\t\t<div class=\"elementor-element elementor-element-9d1fb0a elementor-align-justify elementor-widget__width-inherit elementor-widget-mobile__width-inherit elementor-widget elementor-widget-button\" data-id=\"9d1fb0a\" data-element_type=\"widget\" data-widget_type=\"button.default\">\n\t\t\t\t\t\t\t\t\t\t<a class=\"elementor-button elementor-button-link elementor-size-sm\" href=\"http:\/\/api.whatsapp.com\/send\/?phone=551150844238\">\n\t\t\t\t\t\t<span class=\"elementor-button-content-wrapper\">\n\t\t\t\t\t\t<span class=\"elementor-button-icon\">\n\t\t\t\t<svg xmlns=\"http:\/\/www.w3.org\/2000\/svg\" width=\"26\" height=\"26\" viewBox=\"0 0 26 26\" fill=\"none\"><path fill-rule=\"evenodd\" clip-rule=\"evenodd\" d=\"M17.5697 8.37949C17.7203 8.39275 17.8595 8.46525 17.9566 8.58105C18.0538 8.69685 18.101 8.84648 18.088 8.99708L17.5255 15.4263C17.5215 15.5028 17.5021 15.5777 17.4686 15.6466C17.435 15.7154 17.3879 15.7768 17.3301 15.8271C17.2723 15.8774 17.205 15.9155 17.1321 15.9391C17.0593 15.9628 16.9824 15.9716 16.9061 15.9649C16.8298 15.9582 16.7556 15.9363 16.688 15.9003C16.6203 15.8643 16.5606 15.8151 16.5124 15.7555C16.4642 15.696 16.4285 15.6274 16.4074 15.5537C16.3863 15.4801 16.3803 15.4029 16.3896 15.3269L16.8321 10.2693L8.56447 17.2067C8.44857 17.3039 8.29879 17.3511 8.14808 17.338C7.99737 17.3248 7.85806 17.2523 7.76082 17.1364C7.66357 17.0205 7.61635 16.8707 7.62953 16.72C7.64272 16.5693 7.71523 16.43 7.83113 16.3327L16.0988 9.39531L11.0412 8.95283C10.9647 8.94885 10.8897 8.9295 10.8209 8.89594C10.752 8.86238 10.6906 8.81529 10.6404 8.75748C10.5901 8.69968 10.552 8.63234 10.5283 8.55949C10.5046 8.48663 10.4959 8.40976 10.5025 8.33344C10.5092 8.25713 10.5312 8.18294 10.5672 8.11531C10.6031 8.04768 10.6523 7.98798 10.7119 7.93978C10.7714 7.89158 10.8401 7.85587 10.9137 7.83478C10.9874 7.81368 11.0645 7.80764 11.1405 7.817L17.5697 8.37949Z\" fill=\"white\"><\/path><\/svg>\t\t\t<\/span>\n\t\t\t\t\t\t\t\t\t<span class=\"elementor-button-text\">WhatsApp<\/span>\n\t\t\t\t\t<\/span>\n\t\t\t\t\t<\/a>\n\t\t\t\t\t\t\t\t<\/div>\n\t\t\t\t<\/div>\n\t\t<div class=\"elementor-element elementor-element-0ca7b5b e-con-full e-flex e-con e-child\" data-id=\"0ca7b5b\" data-element_type=\"container\" data-settings=\"{&quot;background_background&quot;:&quot;gradient&quot;}\">\n\t\t\t\t<div class=\"elementor-element elementor-element-06d088a elementor-widget elementor-widget-image\" data-id=\"06d088a\" data-element_type=\"widget\" data-widget_type=\"image.default\">\n\t\t\t\t\t\t\t\t\t\t\t\t\t\t\t<img decoding=\"async\" width=\"70\" height=\"70\" src=\"https:\/\/grupojasf.com.br\/auditoria-e-contabilidade\/wp-content\/uploads\/2025\/12\/Group-1000010033.png\" class=\"attachment-full size-full wp-image-526\" alt=\"\" \/>\t\t\t\t\t\t\t\t\t\t\t\t\t\t\t<\/div>\n\t\t\t\t<div class=\"elementor-element elementor-element-a94e8b4 elementor-widget-mobile__width-initial elementor-widget elementor-widget-heading\" data-id=\"a94e8b4\" data-element_type=\"widget\" data-widget_type=\"heading.default\">\n\t\t\t\t\t<h2 class=\"elementor-heading-title elementor-size-default\">E-mail<\/h2>\t\t\t\t<\/div>\n\t\t\t\t<div class=\"elementor-element elementor-element-cea022c elementor-widget elementor-widget-text-editor\" data-id=\"cea022c\" data-element_type=\"widget\" data-widget_type=\"text-editor.default\">\n\t\t\t\t\t\t\t\t\tcontabilidade@grupojasf.com.br\t\t\t\t\t\t\t\t<\/div>\n\t\t\t\t<div class=\"elementor-element elementor-element-a3f58b8 elementor-align-justify elementor-widget__width-inherit elementor-widget-mobile__width-inherit elementor-widget elementor-widget-button\" data-id=\"a3f58b8\" data-element_type=\"widget\" data-widget_type=\"button.default\">\n\t\t\t\t\t\t\t\t\t\t<a class=\"elementor-button elementor-button-link elementor-size-sm\" href=\"mailto:contabilidade@grupojasf.com.br\">\n\t\t\t\t\t\t<span class=\"elementor-button-content-wrapper\">\n\t\t\t\t\t\t<span class=\"elementor-button-icon\">\n\t\t\t\t<svg xmlns=\"http:\/\/www.w3.org\/2000\/svg\" width=\"26\" height=\"26\" viewBox=\"0 0 26 26\" fill=\"none\"><path fill-rule=\"evenodd\" clip-rule=\"evenodd\" d=\"M17.5697 8.37949C17.7203 8.39275 17.8595 8.46525 17.9566 8.58105C18.0538 8.69685 18.101 8.84648 18.088 8.99708L17.5255 15.4263C17.5215 15.5028 17.5021 15.5777 17.4686 15.6466C17.435 15.7154 17.3879 15.7768 17.3301 15.8271C17.2723 15.8774 17.205 15.9155 17.1321 15.9391C17.0593 15.9628 16.9824 15.9716 16.9061 15.9649C16.8298 15.9582 16.7556 15.9363 16.688 15.9003C16.6203 15.8643 16.5606 15.8151 16.5124 15.7555C16.4642 15.696 16.4285 15.6274 16.4074 15.5537C16.3863 15.4801 16.3803 15.4029 16.3896 15.3269L16.8321 10.2693L8.56447 17.2067C8.44857 17.3039 8.29879 17.3511 8.14808 17.338C7.99737 17.3248 7.85806 17.2523 7.76082 17.1364C7.66357 17.0205 7.61635 16.8707 7.62953 16.72C7.64272 16.5693 7.71523 16.43 7.83113 16.3327L16.0988 9.39531L11.0412 8.95283C10.9647 8.94885 10.8897 8.9295 10.8209 8.89594C10.752 8.86238 10.6906 8.81529 10.6404 8.75748C10.5901 8.69968 10.552 8.63234 10.5283 8.55949C10.5046 8.48663 10.4959 8.40976 10.5025 8.33344C10.5092 8.25713 10.5312 8.18294 10.5672 8.11531C10.6031 8.04768 10.6523 7.98798 10.7119 7.93978C10.7714 7.89158 10.8401 7.85587 10.9137 7.83478C10.9874 7.81368 11.0645 7.80764 11.1405 7.817L17.5697 8.37949Z\" fill=\"white\"><\/path><\/svg>\t\t\t<\/span>\n\t\t\t\t\t\t\t\t\t<span class=\"elementor-button-text\">Email<\/span>\n\t\t\t\t\t<\/span>\n\t\t\t\t\t<\/a>\n\t\t\t\t\t\t\t\t<\/div>\n\t\t\t\t<\/div>\n\t\t<div class=\"elementor-element elementor-element-a7998b7 e-con-full e-flex e-con e-child\" data-id=\"a7998b7\" data-element_type=\"container\" data-settings=\"{&quot;background_background&quot;:&quot;gradient&quot;}\">\n\t\t\t\t<div class=\"elementor-element elementor-element-7cf808c elementor-widget elementor-widget-image\" data-id=\"7cf808c\" data-element_type=\"widget\" data-widget_type=\"image.default\">\n\t\t\t\t\t\t\t\t\t\t\t\t\t\t\t<img loading=\"lazy\" decoding=\"async\" width=\"70\" height=\"70\" src=\"https:\/\/grupojasf.com.br\/auditoria-e-contabilidade\/wp-content\/uploads\/2025\/12\/Group-1000010034.png\" class=\"attachment-full size-full wp-image-527\" alt=\"\" \/>\t\t\t\t\t\t\t\t\t\t\t\t\t\t\t<\/div>\n\t\t\t\t<div class=\"elementor-element elementor-element-dce1ea0 elementor-widget-mobile__width-initial elementor-widget elementor-widget-heading\" data-id=\"dce1ea0\" data-element_type=\"widget\" data-widget_type=\"heading.default\">\n\t\t\t\t\t<h2 class=\"elementor-heading-title elementor-size-default\">Endere\u00e7o<\/h2>\t\t\t\t<\/div>\n\t\t\t\t<div class=\"elementor-element elementor-element-ca1900d elementor-widget elementor-widget-text-editor\" data-id=\"ca1900d\" data-element_type=\"widget\" data-widget_type=\"text-editor.default\">\n\t\t\t\t\t\t\t\t\t Rua Domingos de Morais, 2187 Conj. 122 Torre &#8211; Vila Mariana, S\u00e3o Paulo \t\t\t\t\t\t\t\t<\/div>\n\t\t\t\t<div class=\"elementor-element elementor-element-750a52c elementor-align-justify elementor-widget__width-inherit elementor-widget-mobile__width-inherit elementor-widget elementor-widget-button\" data-id=\"750a52c\" data-element_type=\"widget\" data-widget_type=\"button.default\">\n\t\t\t\t\t\t\t\t\t\t<a class=\"elementor-button elementor-button-link elementor-size-sm\" href=\"https:\/\/maps.app.goo.gl\/1e8353KeP3V4ubHL8\">\n\t\t\t\t\t\t<span class=\"elementor-button-content-wrapper\">\n\t\t\t\t\t\t<span class=\"elementor-button-icon\">\n\t\t\t\t<svg xmlns=\"http:\/\/www.w3.org\/2000\/svg\" width=\"26\" height=\"26\" viewBox=\"0 0 26 26\" fill=\"none\"><path fill-rule=\"evenodd\" clip-rule=\"evenodd\" d=\"M17.5697 8.37949C17.7203 8.39275 17.8595 8.46525 17.9566 8.58105C18.0538 8.69685 18.101 8.84648 18.088 8.99708L17.5255 15.4263C17.5215 15.5028 17.5021 15.5777 17.4686 15.6466C17.435 15.7154 17.3879 15.7768 17.3301 15.8271C17.2723 15.8774 17.205 15.9155 17.1321 15.9391C17.0593 15.9628 16.9824 15.9716 16.9061 15.9649C16.8298 15.9582 16.7556 15.9363 16.688 15.9003C16.6203 15.8643 16.5606 15.8151 16.5124 15.7555C16.4642 15.696 16.4285 15.6274 16.4074 15.5537C16.3863 15.4801 16.3803 15.4029 16.3896 15.3269L16.8321 10.2693L8.56447 17.2067C8.44857 17.3039 8.29879 17.3511 8.14808 17.338C7.99737 17.3248 7.85806 17.2523 7.76082 17.1364C7.66357 17.0205 7.61635 16.8707 7.62953 16.72C7.64272 16.5693 7.71523 16.43 7.83113 16.3327L16.0988 9.39531L11.0412 8.95283C10.9647 8.94885 10.8897 8.9295 10.8209 8.89594C10.752 8.86238 10.6906 8.81529 10.6404 8.75748C10.5901 8.69968 10.552 8.63234 10.5283 8.55949C10.5046 8.48663 10.4959 8.40976 10.5025 8.33344C10.5092 8.25713 10.5312 8.18294 10.5672 8.11531C10.6031 8.04768 10.6523 7.98798 10.7119 7.93978C10.7714 7.89158 10.8401 7.85587 10.9137 7.83478C10.9874 7.81368 11.0645 7.80764 11.1405 7.817L17.5697 8.37949Z\" fill=\"white\"><\/path><\/svg>\t\t\t<\/span>\n\t\t\t\t\t\t\t\t\t<span class=\"elementor-button-text\">Google maps<\/span>\n\t\t\t\t\t<\/span>\n\t\t\t\t\t<\/a>\n\t\t\t\t\t\t\t\t<\/div>\n\t\t\t\t<\/div>\n\t\t\t\t<\/div>\n\t\t<div class=\"elementor-element elementor-element-0a3145b e-con-full animated-slow e-flex elementor-invisible e-con e-child\" data-id=\"0a3145b\" data-element_type=\"container\" data-settings=\"{&quot;background_background&quot;:&quot;gradient&quot;,&quot;animation&quot;:&quot;fadeIn&quot;}\">\n\t\t<div class=\"elementor-element elementor-element-2bab5f7 e-con-full e-flex e-con e-child\" data-id=\"2bab5f7\" data-element_type=\"container\">\n\t\t\t\t<div class=\"elementor-element elementor-element-4181f1d elementor-widget-mobile__width-inherit animated-slow elementor-invisible elementor-widget elementor-widget-heading\" data-id=\"4181f1d\" data-element_type=\"widget\" data-settings=\"{&quot;_animation&quot;:&quot;fadeIn&quot;}\" data-widget_type=\"heading.default\">\n\t\t\t\t\t<h2 class=\"elementor-heading-title elementor-size-default\">Envie sua mensagem<\/h2>\t\t\t\t<\/div>\n\t\t\t\t<div class=\"elementor-element elementor-element-47c30ee elementor-widget__width-initial elementor-widget elementor-widget-text-editor\" data-id=\"47c30ee\" data-element_type=\"widget\" data-widget_type=\"text-editor.default\">\n\t\t\t\t\t\t\t\t\tPreencha os campos abaixo e nossa equipe retornar\u00e1 com a solu\u00e7\u00e3o ideal para sua necessidade.\t\t\t\t\t\t\t\t<\/div>\n\t\t\t\t<div class=\"elementor-element elementor-element-b116a6c elementor-widget elementor-widget-image\" data-id=\"b116a6c\" data-element_type=\"widget\" data-widget_type=\"image.default\">\n\t\t\t\t\t\t\t\t\t\t\t\t\t\t\t<img loading=\"lazy\" decoding=\"async\" width=\"585\" height=\"247\" src=\"https:\/\/grupojasf.com.br\/auditoria-e-contabilidade\/wp-content\/uploads\/2025\/11\/frame_3_1x.webp\" class=\"attachment-full size-full wp-image-403\" alt=\"\" srcset=\"https:\/\/grupojasf.com.br\/auditoria-e-contabilidade\/wp-content\/uploads\/2025\/11\/frame_3_1x.webp 585w, https:\/\/grupojasf.com.br\/auditoria-e-contabilidade\/wp-content\/uploads\/2025\/11\/frame_3_1x-300x127.webp 300w\" sizes=\"(max-width: 585px) 100vw, 585px\" \/>\t\t\t\t\t\t\t\t\t\t\t\t\t\t\t<\/div>\n\t\t\t\t<\/div>\n\t\t<div class=\"elementor-element elementor-element-26a9813 e-con-full e-flex e-con e-child\" data-id=\"26a9813\" data-element_type=\"container\" data-settings=\"{&quot;background_background&quot;:&quot;classic&quot;}\">\n\t\t\t\t<div class=\"elementor-element elementor-element-1192e1d elementor-button-align-stretch elementor-widget elementor-widget-form\" data-id=\"1192e1d\" data-element_type=\"widget\" data-settings=\"{&quot;step_next_label&quot;:&quot;Next&quot;,&quot;step_previous_label&quot;:&quot;Previous&quot;,&quot;button_width&quot;:&quot;100&quot;,&quot;step_type&quot;:&quot;number_text&quot;,&quot;step_icon_shape&quot;:&quot;circle&quot;}\" data-widget_type=\"form.default\">\n\t\t\t\t\t\t\t<form class=\"elementor-form\" method=\"post\" name=\"New Form\" aria-label=\"New Form\">\n\t\t\t<input type=\"hidden\" name=\"post_id\" value=\"140\"\/>\n\t\t\t<input type=\"hidden\" name=\"form_id\" value=\"1192e1d\"\/>\n\t\t\t<input type=\"hidden\" name=\"referer_title\" value=\"Contatos\" \/>\n\n\t\t\t\t\t\t\t<input type=\"hidden\" name=\"queried_id\" value=\"140\"\/>\n\t\t\t\n\t\t\t<div class=\"elementor-form-fields-wrapper elementor-labels-\">\n\t\t\t\t\t\t\t\t<div class=\"elementor-field-type-text elementor-field-group elementor-column elementor-field-group-name elementor-col-100\">\n\t\t\t\t\t\t\t\t\t\t\t\t<label for=\"form-field-name\" class=\"elementor-field-label elementor-screen-only\">\n\t\t\t\t\t\t\t\tName\t\t\t\t\t\t\t<\/label>\n\t\t\t\t\t\t\t\t\t\t\t\t\t\t<input size=\"1\" type=\"text\" name=\"form_fields[name]\" id=\"form-field-name\" class=\"elementor-field elementor-size-sm  elementor-field-textual\" placeholder=\"Seu name\">\n\t\t\t\t\t\t\t\t\t\t\t<\/div>\n\t\t\t\t\t\t\t\t<div class=\"elementor-field-type-email elementor-field-group elementor-column elementor-field-group-email elementor-col-100 elementor-field-required\">\n\t\t\t\t\t\t\t\t\t\t\t\t<label for=\"form-field-email\" class=\"elementor-field-label elementor-screen-only\">\n\t\t\t\t\t\t\t\tEmail\t\t\t\t\t\t\t<\/label>\n\t\t\t\t\t\t\t\t\t\t\t\t\t\t<input size=\"1\" type=\"email\" name=\"form_fields[email]\" id=\"form-field-email\" class=\"elementor-field elementor-size-sm  elementor-field-textual\" placeholder=\"Seu email\" required=\"required\">\n\t\t\t\t\t\t\t\t\t\t\t<\/div>\n\t\t\t\t\t\t\t\t<div class=\"elementor-field-type-tel elementor-field-group elementor-column elementor-field-group-field_e7bebe6 elementor-col-100\">\n\t\t\t\t\t\t\t\t\t\t\t\t<label for=\"form-field-field_e7bebe6\" class=\"elementor-field-label elementor-screen-only\">\n\t\t\t\t\t\t\t\tNumero\t\t\t\t\t\t\t<\/label>\n\t\t\t\t\t\t\t\t<input size=\"1\" type=\"tel\" name=\"form_fields[field_e7bebe6]\" id=\"form-field-field_e7bebe6\" class=\"elementor-field elementor-size-sm  elementor-field-textual\" placeholder=\"Seu numero\" pattern=\"[0-9()#&amp;+*-=.]+\" title=\"Apenas n\u00fameros e caracteres de telefone (#, -, *, etc.) s\u00e3o aceitos.\">\n\n\t\t\t\t\t\t<\/div>\n\t\t\t\t\t\t\t\t<div class=\"elementor-field-type-textarea elementor-field-group elementor-column elementor-field-group-mensagem elementor-col-100\">\n\t\t\t\t\t\t\t\t\t\t\t\t<label for=\"form-field-mensagem\" class=\"elementor-field-label elementor-screen-only\">\n\t\t\t\t\t\t\t\tMensagem\t\t\t\t\t\t\t<\/label>\n\t\t\t\t\t\t<textarea class=\"elementor-field-textual elementor-field  elementor-size-sm\" name=\"form_fields[mensagem]\" id=\"form-field-mensagem\" rows=\"4\" placeholder=\"Sua mensagem\"><\/textarea>\t\t\t\t<\/div>\n\t\t\t\t\t\t\t\t<div class=\"elementor-field-group elementor-column elementor-field-type-submit elementor-col-100 e-form__buttons\">\n\t\t\t\t\t<button class=\"elementor-button elementor-size-sm\" type=\"submit\">\n\t\t\t\t\t\t<span class=\"elementor-button-content-wrapper\">\n\t\t\t\t\t\t\t\t\t\t\t\t\t\t\t<span class=\"elementor-button-icon\">\n\t\t\t\t\t\t\t\t\t<svg xmlns=\"http:\/\/www.w3.org\/2000\/svg\" width=\"26\" height=\"26\" viewBox=\"0 0 26 26\" fill=\"none\"><path fill-rule=\"evenodd\" clip-rule=\"evenodd\" d=\"M17.5697 8.37949C17.7203 8.39275 17.8595 8.46525 17.9566 8.58105C18.0538 8.69685 18.101 8.84648 18.088 8.99708L17.5255 15.4263C17.5215 15.5028 17.5021 15.5777 17.4686 15.6466C17.435 15.7154 17.3879 15.7768 17.3301 15.8271C17.2723 15.8774 17.205 15.9155 17.1321 15.9391C17.0593 15.9628 16.9824 15.9716 16.9061 15.9649C16.8298 15.9582 16.7556 15.9363 16.688 15.9003C16.6203 15.8643 16.5606 15.8151 16.5124 15.7555C16.4642 15.696 16.4285 15.6274 16.4074 15.5537C16.3863 15.4801 16.3803 15.4029 16.3896 15.3269L16.8321 10.2693L8.56447 17.2067C8.44857 17.3039 8.29879 17.3511 8.14808 17.338C7.99737 17.3248 7.85806 17.2523 7.76082 17.1364C7.66357 17.0205 7.61635 16.8707 7.62953 16.72C7.64272 16.5693 7.71523 16.43 7.83113 16.3327L16.0988 9.39531L11.0412 8.95283C10.9647 8.94885 10.8897 8.9295 10.8209 8.89594C10.752 8.86238 10.6906 8.81529 10.6404 8.75748C10.5901 8.69968 10.552 8.63234 10.5283 8.55949C10.5046 8.48663 10.4959 8.40976 10.5025 8.33344C10.5092 8.25713 10.5312 8.18294 10.5672 8.11531C10.6031 8.04768 10.6523 7.98798 10.7119 7.93978C10.7714 7.89158 10.8401 7.85587 10.9137 7.83478C10.9874 7.81368 11.0645 7.80764 11.1405 7.817L17.5697 8.37949Z\" fill=\"white\"><\/path><\/svg>\t\t\t\t\t\t\t\t\t\t\t\t\t\t\t\t\t<\/span>\n\t\t\t\t\t\t\t\t\t\t\t\t\t\t\t\t\t\t\t\t\t\t<span class=\"elementor-button-text\">Enviar<\/span>\n\t\t\t\t\t\t\t\t\t\t\t\t\t<\/span>\n\t\t\t\t\t<\/button>\n\t\t\t\t<\/div>\n\t\t\t<\/div>\n\t\t<\/form>\n\t\t\t\t\t\t<\/div>\n\t\t\t\t<\/div>\n\t\t\t\t<\/div>\n\t\t\t\t\t<\/div>\n\t\t\t\t<\/div>\n\t\t\t\t<\/div>\n\t\t","protected":false},"excerpt":{"rendered":"<p>Mais de uma D\u00e9cada de Experi\u00eancia Vamos Construir um Futuro de Sucesso Juntos Na JASF Contabilidade, estamos aqui para ouvir voc\u00ea. Fale conosco sobre os desafios do seu neg\u00f3cio, suas d\u00favidas ou suas aspira\u00e7\u00f5es. Nossa equipe de especialistas est\u00e1 pronta para oferecer as solu\u00e7\u00f5es cont\u00e1beis e estrat\u00e9gicas que voc\u00ea precisa para crescer com seguran\u00e7a e [&hellip;]<\/p>\n","protected":false},"author":1,"featured_media":0,"parent":0,"menu_order":0,"comment_status":"closed","ping_status":"closed","template":"elementor_header_footer","meta":{"_joinchat":[],"footnotes":""},"class_list":["post-140","page","type-page","status-publish","hentry"],"_hostinger_reach_plugin_has_subscription_block":false,"_hostinger_reach_plugin_is_elementor":false,"_links":{"self":[{"href":"https:\/\/grupojasf.com.br\/auditoria-e-contabilidade\/wp-json\/wp\/v2\/pages\/140","targetHints":{"allow":["GET"]}}],"collection":[{"href":"https:\/\/grupojasf.com.br\/auditoria-e-contabilidade\/wp-json\/wp\/v2\/pages"}],"about":[{"href":"https:\/\/grupojasf.com.br\/auditoria-e-contabilidade\/wp-json\/wp\/v2\/types\/page"}],"author":[{"embeddable":true,"href":"https:\/\/grupojasf.com.br\/auditoria-e-contabilidade\/wp-json\/wp\/v2\/users\/1"}],"replies":[{"embeddable":true,"href":"https:\/\/grupojasf.com.br\/auditoria-e-contabilidade\/wp-json\/wp\/v2\/comments?post=140"}],"version-history":[{"count":52,"href":"https:\/\/grupojasf.com.br\/auditoria-e-contabilidade\/wp-json\/wp\/v2\/pages\/140\/revisions"}],"predecessor-version":[{"id":544,"href":"https:\/\/grupojasf.com.br\/auditoria-e-contabilidade\/wp-json\/wp\/v2\/pages\/140\/revisions\/544"}],"wp:attachment":[{"href":"https:\/\/grupojasf.com.br\/auditoria-e-contabilidade\/wp-json\/wp\/v2\/media?parent=140"}],"curies":[{"name":"wp","href":"https:\/\/api.w.org\/{rel}","templated":true}]}}