{"id":1370,"date":"2020-08-14T13:24:14","date_gmt":"2020-08-14T13:24:14","guid":{"rendered":"https:\/\/grupojasf.com.br\/promocoes-e-eventos\/?page_id=1370"},"modified":"2021-10-29T10:33:51","modified_gmt":"2021-10-29T13:33:51","slug":"tendencias","status":"publish","type":"page","link":"https:\/\/grupojasf.com.br\/promocoes-e-eventos\/tendencias\/","title":{"rendered":"Tend\u00eancias"},"content":{"rendered":"<div class=\"fusion-fullwidth fullwidth-box fusion-builder-row-1 fusion-flex-container nonhundred-percent-fullwidth non-hundred-percent-height-scrolling\" style=\"--link_hover_color: #000000;--link_color: #e61f12;--awb-border-radius-top-left:0px;--awb-border-radius-top-right:0px;--awb-border-radius-bottom-right:0px;--awb-border-radius-bottom-left:0px;--awb-padding-top:120px;--awb-padding-bottom:20px;--awb-padding-top-medium:60px;--awb-padding-bottom-medium:0px;--awb-padding-top-small:60px;--awb-padding-bottom-small:0px;--awb-background-color:#fff9f3;--awb-flex-wrap:wrap;\" ><div class=\"fusion-builder-row fusion-row fusion-flex-align-items-stretch fusion-flex-content-wrap\" style=\"max-width:1443.75px;margin-left: calc(-5% \/ 2 );margin-right: calc(-5% \/ 2 );\"><div class=\"fusion-layout-column fusion_builder_column fusion-builder-column-0 fusion_builder_column_1_1 1_1 fusion-flex-column\" style=\"--awb-bg-size:cover;--awb-width-large:100%;--awb-margin-top-large:0px;--awb-spacing-right-large:2.375%;--awb-margin-bottom-large:20px;--awb-spacing-left-large:2.375%;--awb-width-medium:100%;--awb-order-medium:0;--awb-spacing-right-medium:2.375%;--awb-spacing-left-medium:2.375%;--awb-width-small:100%;--awb-order-small:0;--awb-spacing-right-small:2.375%;--awb-spacing-left-small:2.375%;\"><div class=\"fusion-column-wrapper fusion-column-has-shadow fusion-flex-justify-content-flex-start fusion-content-layout-column\"><div class=\"fusion-blog-shortcode fusion-blog-shortcode-1 fusion-blog-archive fusion-blog-layout-grid-wrapper fusion-blog-pagination\"><style type=\"text\/css\">.fusion-blog-shortcode-1 .fusion-blog-layout-grid .fusion-post-grid{padding:30px;}.fusion-blog-shortcode-1 .fusion-posts-container{margin-left: -30px !important; margin-right:-30px !important;}<\/style><div class=\"fusion-posts-container fusion-posts-container-pagination fusion-blog-rollover fusion-blog-layout-grid fusion-blog-layout-grid-3 isotope fusion-blog-equal-heights\" data-pages=\"1\" data-grid-col-space=\"60\" style=\"margin: -30px -30px 0;min-height:500px;\"><article id=\"blog-1-post-717\" class=\"fusion-post-grid has-post-thumbnail post-717 post type-post status-publish format-video hentry category-divulgacao-de-eventos category-organizacao-de-eventos category-tendencias-em-eventos post_format-post-format-video\">\n<div class=\"fusion-post-wrapper\" style=\"background-color:rgba(255,249,243,0);border:none;\">\n\n\t\t\t<div class=\"fusion-flexslider flexslider fusion-flexslider-loading fusion-post-slideshow\" style=\"border-color:rgba(255,255,255,0);\">\n\t\t<ul class=\"slides\">\n\t\t\t\t\t\t\t<li>\n\t\t\t\t\t<div class=\"full-video\"><iframe width=\"560\" height=\"315\" src=\"https:\/\/www.youtube.com\/embed\/QZFpMh9BWuY\" frameborder=\"0\" allow=\"accelerometer; autoplay; encrypted-media; gyroscope; picture-in-picture\" allowfullscreen><\/iframe><\/div>\n\t\t\t\t<\/li>\n\t\t\t\n\t\t\t\t\t\t\n\t\t\t\n\t\t\t\t\t\t\t\t\t\t\t\t\t\t\t\t\t\t\t\t\t\t\t\t\t\t\t\t\t\t\t\t\t\t\t\t\t\t\t\t\t\t\t\t\t\t\t\t\t\t\t\t\t\t\t\t\t\t\t\t\t\t\t\t\t\t\t\t\t\t\t\t\t\t\t\t\t\t\t\t\t\t\t\t\t\t\t\t\t\t\t\t\t\t\t\t\t\t\t\t\t\t\t\t\t\t\t\t\t\t\t\t\t\t\t\t\t\t\t\t\t\t\t\t\t\t\t\t\t\t\t\t\t\t\t\t\t\t\t\t\t\t\t\t\t\t\t\t\t\t\t\t\t\t\t\t\t\t\t\t\t\t\t\t\t\t\t\t\t\t\t\t\t\t\t\t\t\t\t\t\t\t\t\t\t\t\t\t\t\t\t\t\t\t\t\t\t\t\t\t\t\t\t\t\t\t\t\t\t\t\t\t\t\t\t\t\t\t\t\t\t\t\t\t\t\t\t\t\t\t\t\t\t\t\t\t\t\t\t\t\t\t\t\t\t\t\t\t<\/ul>\n\t<\/div>\n\t<div class=\"fusion-post-content-wrapper\" style=\"padding:60px 60px 60px 0;\"><div class=\"fusion-post-content post-content\"><h2 class=\"blog-shortcode-post-title entry-title\"><a href=\"https:\/\/grupojasf.com.br\/promocoes-e-eventos\/confira-o-primeiro-dia-do-projeto-cidade-unida\/\">Confira o primeiro dia do Projeto Cidade Unida<\/a><\/h2><span class=\"vcard\" style=\"display: none;\"><span class=\"fn\"><a href=\"https:\/\/grupojasf.com.br\/promocoes-e-eventos\/author\/marketing\/\" title=\"Posts de marketing\" rel=\"author\">marketing<\/a><\/span><\/span><span class=\"updated\" style=\"display:none;\">2022-02-22T10:08:23-03:00<\/span><div class=\"fusion-content-sep sep-none\"><\/div><div class=\"fusion-post-content-container\"><p>O sucesso do Projeto Cidade Unida segue para mais um fim de semana musical...<\/p><\/div><\/div><div class=\"fusion-meta-info\"><div class=\"fusion-alignleft\"><a class=\"fusion-read-more\" href=\"https:\/\/grupojasf.com.br\/promocoes-e-eventos\/confira-o-primeiro-dia-do-projeto-cidade-unida\/\" aria-label=\"More on Confira o primeiro dia do Projeto Cidade Unida\">Read More<\/a><\/div><\/div><\/div><div class=\"fusion-clearfix\"><\/div><\/div>\n<\/article>\n<article id=\"blog-1-post-713\" class=\"fusion-post-grid post-713 post type-post status-publish format-standard has-post-thumbnail hentry category-organizacao-de-eventos category-tecnologia-em-eventos category-tendencias-em-eventos tag-dicas tag-reduzir-estresse\">\n<div class=\"fusion-post-wrapper\" style=\"background-color:rgba(255,249,243,0);border:none;\">\n\n\t\t\t<div class=\"fusion-flexslider flexslider fusion-flexslider-loading fusion-post-slideshow\" style=\"border-color:rgba(255,255,255,0);\">\n\t\t<ul class=\"slides\">\n\t\t\t\n\t\t\t\t\t\t\t\t\t\t\t\t\t\t<li><div  class=\"fusion-image-wrapper\" aria-haspopup=\"true\">\n\t\t\t\t<img decoding=\"async\" width=\"2200\" height=\"1238\" src=\"https:\/\/grupojasf.com.br\/promocoes-e-eventos\/wp-content\/uploads\/2020\/07\/6-dicas-para-reduzir-o-nivel-de-estresse-antes-de-um-evento-destaques.jpg\" class=\"attachment-full size-full wp-post-image\" alt=\"\" srcset=\"https:\/\/grupojasf.com.br\/promocoes-e-eventos\/wp-content\/uploads\/2020\/07\/6-dicas-para-reduzir-o-nivel-de-estresse-antes-de-um-evento-destaques-200x113.jpg 200w, https:\/\/grupojasf.com.br\/promocoes-e-eventos\/wp-content\/uploads\/2020\/07\/6-dicas-para-reduzir-o-nivel-de-estresse-antes-de-um-evento-destaques-400x225.jpg 400w, https:\/\/grupojasf.com.br\/promocoes-e-eventos\/wp-content\/uploads\/2020\/07\/6-dicas-para-reduzir-o-nivel-de-estresse-antes-de-um-evento-destaques-600x338.jpg 600w, https:\/\/grupojasf.com.br\/promocoes-e-eventos\/wp-content\/uploads\/2020\/07\/6-dicas-para-reduzir-o-nivel-de-estresse-antes-de-um-evento-destaques-800x450.jpg 800w, https:\/\/grupojasf.com.br\/promocoes-e-eventos\/wp-content\/uploads\/2020\/07\/6-dicas-para-reduzir-o-nivel-de-estresse-antes-de-um-evento-destaques-1200x675.jpg 1200w, https:\/\/grupojasf.com.br\/promocoes-e-eventos\/wp-content\/uploads\/2020\/07\/6-dicas-para-reduzir-o-nivel-de-estresse-antes-de-um-evento-destaques.jpg 2200w\" sizes=\"(min-width: 2200px) 100vw, (min-width: 784px) 418px, (min-width: 712px) 628px, (min-width: 640px) 712px, \" \/><div class=\"fusion-rollover\">\n\t<div class=\"fusion-rollover-content\">\n\n\t\t\t\t\t\t\t\t\t\t\t\t\t\t<a class=\"fusion-rollover-link\" href=\"https:\/\/grupojasf.com.br\/promocoes-e-eventos\/6-dicas-para-reduzir-o-nivel-de-estresse-antes-de-um-evento\/\">6 dicas para reduzir o n\u00edvel de estresse antes de um evento<\/a>\n\t\t\t\n\t\t\t\t\t\t\t\t\n\t\t\n\t\t\t\t\t\t\t\t\t\t\t\t<h4 class=\"fusion-rollover-title\">\n\t\t\t\t\t<a class=\"fusion-rollover-title-link\" href=\"https:\/\/grupojasf.com.br\/promocoes-e-eventos\/6-dicas-para-reduzir-o-nivel-de-estresse-antes-de-um-evento\/\">\n\t\t\t\t\t\t6 dicas para reduzir o n\u00edvel de estresse antes de um evento\t\t\t\t\t<\/a>\n\t\t\t\t<\/h4>\n\t\t\t\n\t\t\t\t\t\t\t\t\n\t\t\n\t\t\t\t\t\t<a class=\"fusion-link-wrapper\" href=\"https:\/\/grupojasf.com.br\/promocoes-e-eventos\/6-dicas-para-reduzir-o-nivel-de-estresse-antes-de-um-evento\/\" aria-label=\"6 dicas para reduzir o n\u00edvel de estresse antes de um evento\"><\/a>\n\t<\/div>\n<\/div>\n<\/div>\n<\/li>\n\t\t\t\n\t\t\t\n\t\t\t\t\t\t\t\t\t\t\t\t\t\t\t\t\t\t\t\t\t\t\t\t\t\t\t\t\t\t\t\t\t\t\t\t\t\t\t\t\t\t\t\t\t\t\t\t\t\t\t\t\t\t\t\t\t\t\t\t\t\t\t\t\t\t\t\t\t\t\t\t\t\t\t\t\t\t\t\t\t\t\t\t\t\t\t\t\t\t\t\t\t\t\t\t\t\t\t\t\t\t\t\t\t\t\t\t\t\t\t\t\t\t\t\t\t\t\t\t\t\t\t\t\t\t\t\t\t\t\t\t\t\t\t\t\t\t\t\t\t\t\t\t\t\t\t\t\t\t\t\t\t\t\t\t\t\t\t\t\t\t\t\t\t\t\t\t\t\t\t\t\t\t\t\t\t\t\t\t\t\t\t\t\t\t\t\t\t\t\t\t\t\t\t\t\t\t\t\t\t\t\t\t\t\t\t\t\t\t\t\t\t\t\t\t\t\t\t\t\t\t\t\t\t\t\t\t\t\t\t\t\t\t\t\t\t\t\t\t\t\t\t\t\t\t\t\t<\/ul>\n\t<\/div>\n\t<div class=\"fusion-post-content-wrapper\" style=\"padding:60px 60px 60px 0;\"><div class=\"fusion-post-content post-content\"><h2 class=\"blog-shortcode-post-title entry-title\"><a href=\"https:\/\/grupojasf.com.br\/promocoes-e-eventos\/6-dicas-para-reduzir-o-nivel-de-estresse-antes-de-um-evento\/\">6 dicas para reduzir o n\u00edvel de estresse antes de um evento<\/a><\/h2><p class=\"fusion-single-line-meta\"><span class=\"vcard\" style=\"display: none;\"><span class=\"fn\"><a href=\"https:\/\/grupojasf.com.br\/promocoes-e-eventos\/author\/marketing\/\" title=\"Posts de marketing\" rel=\"author\">marketing<\/a><\/span><\/span><span class=\"updated\" style=\"display:none;\">2022-02-22T09:32:42-03:00<\/span><span class=\"meta-tags\">Tags: <a href=\"https:\/\/grupojasf.com.br\/promocoes-e-eventos\/tag\/dicas\/\" rel=\"tag\">dicas<\/a>, <a href=\"https:\/\/grupojasf.com.br\/promocoes-e-eventos\/tag\/reduzir-estresse\/\" rel=\"tag\">reduzir estresse<\/a><\/span><span class=\"fusion-inline-sep\">|<\/span><\/p><div class=\"fusion-content-sep sep-none\"><\/div><div class=\"fusion-post-content-container\"><p>\u00c9 cada vez mais comum encontrar pessoas buscando por maneiras de diminuir o estresse antes de um evento.<\/p><\/div><\/div><div class=\"fusion-meta-info\"><div class=\"fusion-alignleft\"><a class=\"fusion-read-more\" href=\"https:\/\/grupojasf.com.br\/promocoes-e-eventos\/6-dicas-para-reduzir-o-nivel-de-estresse-antes-de-um-evento\/\" aria-label=\"More on 6 dicas para reduzir o n\u00edvel de estresse antes de um evento\">Read More<\/a><\/div><\/div><\/div><div class=\"fusion-clearfix\"><\/div><\/div>\n<\/article>\n<article id=\"blog-1-post-705\" class=\"fusion-post-grid post-705 post type-post status-publish format-standard has-post-thumbnail hentry category-divulgacao-de-eventos category-tendencias-em-eventos tag-livros tag-organizador\">\n<div class=\"fusion-post-wrapper\" style=\"background-color:rgba(255,249,243,0);border:none;\">\n\n\t\t\t<div class=\"fusion-flexslider flexslider fusion-flexslider-loading fusion-post-slideshow\" style=\"border-color:rgba(255,255,255,0);\">\n\t\t<ul class=\"slides\">\n\t\t\t\n\t\t\t\t\t\t\t\t\t\t\t\t\t\t<li><div  class=\"fusion-image-wrapper\" aria-haspopup=\"true\">\n\t\t\t\t<img decoding=\"async\" width=\"2200\" height=\"1238\" src=\"https:\/\/grupojasf.com.br\/promocoes-e-eventos\/wp-content\/uploads\/2020\/07\/como-saber-qual-tipo-de-tecnologia-meu-evento-precisa-ter-para-ser-um-sucesso-destaque.jpg\" class=\"attachment-full size-full wp-post-image\" alt=\"\" srcset=\"https:\/\/grupojasf.com.br\/promocoes-e-eventos\/wp-content\/uploads\/2020\/07\/como-saber-qual-tipo-de-tecnologia-meu-evento-precisa-ter-para-ser-um-sucesso-destaque-200x113.jpg 200w, https:\/\/grupojasf.com.br\/promocoes-e-eventos\/wp-content\/uploads\/2020\/07\/como-saber-qual-tipo-de-tecnologia-meu-evento-precisa-ter-para-ser-um-sucesso-destaque-400x225.jpg 400w, https:\/\/grupojasf.com.br\/promocoes-e-eventos\/wp-content\/uploads\/2020\/07\/como-saber-qual-tipo-de-tecnologia-meu-evento-precisa-ter-para-ser-um-sucesso-destaque-600x338.jpg 600w, https:\/\/grupojasf.com.br\/promocoes-e-eventos\/wp-content\/uploads\/2020\/07\/como-saber-qual-tipo-de-tecnologia-meu-evento-precisa-ter-para-ser-um-sucesso-destaque-800x450.jpg 800w, https:\/\/grupojasf.com.br\/promocoes-e-eventos\/wp-content\/uploads\/2020\/07\/como-saber-qual-tipo-de-tecnologia-meu-evento-precisa-ter-para-ser-um-sucesso-destaque-1200x675.jpg 1200w, https:\/\/grupojasf.com.br\/promocoes-e-eventos\/wp-content\/uploads\/2020\/07\/como-saber-qual-tipo-de-tecnologia-meu-evento-precisa-ter-para-ser-um-sucesso-destaque.jpg 2200w\" sizes=\"(min-width: 2200px) 100vw, (min-width: 784px) 418px, (min-width: 712px) 628px, (min-width: 640px) 712px, \" \/><div class=\"fusion-rollover\">\n\t<div class=\"fusion-rollover-content\">\n\n\t\t\t\t\t\t\t\t\t\t\t\t\t\t<a class=\"fusion-rollover-link\" href=\"https:\/\/grupojasf.com.br\/promocoes-e-eventos\/como-saber-qual-tipo-de-tecnologia-meu-evento-precisa-ter-para-ser-um-sucesso\/\">Como saber qual tipo de tecnologia meu evento precisa ter para ser um sucesso<\/a>\n\t\t\t\n\t\t\t\t\t\t\t\t\n\t\t\n\t\t\t\t\t\t\t\t\t\t\t\t<h4 class=\"fusion-rollover-title\">\n\t\t\t\t\t<a class=\"fusion-rollover-title-link\" href=\"https:\/\/grupojasf.com.br\/promocoes-e-eventos\/como-saber-qual-tipo-de-tecnologia-meu-evento-precisa-ter-para-ser-um-sucesso\/\">\n\t\t\t\t\t\tComo saber qual tipo de tecnologia meu evento precisa ter para ser um sucesso\t\t\t\t\t<\/a>\n\t\t\t\t<\/h4>\n\t\t\t\n\t\t\t\t\t\t\t\t\n\t\t\n\t\t\t\t\t\t<a class=\"fusion-link-wrapper\" href=\"https:\/\/grupojasf.com.br\/promocoes-e-eventos\/como-saber-qual-tipo-de-tecnologia-meu-evento-precisa-ter-para-ser-um-sucesso\/\" aria-label=\"Como saber qual tipo de tecnologia meu evento precisa ter para ser um sucesso\"><\/a>\n\t<\/div>\n<\/div>\n<\/div>\n<\/li>\n\t\t\t\n\t\t\t\n\t\t\t\t\t\t\t\t\t\t\t\t\t\t\t\t\t\t\t\t\t\t\t\t\t\t\t\t\t\t\t\t\t\t\t\t\t\t\t\t\t\t\t\t\t\t\t\t\t\t\t\t\t\t\t\t\t\t\t\t\t\t\t\t\t\t\t\t\t\t\t\t\t\t\t\t\t\t\t\t\t\t\t\t\t\t\t\t\t\t\t\t\t\t\t\t\t\t\t\t\t\t\t\t\t\t\t\t\t\t\t\t\t\t\t\t\t\t\t\t\t\t\t\t\t\t\t\t\t\t\t\t\t\t\t\t\t\t\t\t\t\t\t\t\t\t\t\t\t\t\t\t\t\t\t\t\t\t\t\t\t\t\t\t\t\t\t\t\t\t\t\t\t\t\t\t\t\t\t\t\t\t\t\t\t\t\t\t\t\t\t\t\t\t\t\t\t\t\t\t\t\t\t\t\t\t\t\t\t\t\t\t\t\t\t\t\t\t\t\t\t\t\t\t\t\t\t\t\t\t\t\t\t\t\t\t\t\t\t\t\t\t\t\t\t\t\t\t<\/ul>\n\t<\/div>\n\t<div class=\"fusion-post-content-wrapper\" style=\"padding:60px 60px 60px 0;\"><div class=\"fusion-post-content post-content\"><h2 class=\"blog-shortcode-post-title entry-title\"><a href=\"https:\/\/grupojasf.com.br\/promocoes-e-eventos\/como-saber-qual-tipo-de-tecnologia-meu-evento-precisa-ter-para-ser-um-sucesso\/\">Como saber qual tipo de tecnologia meu evento precisa ter para ser um sucesso<\/a><\/h2><p class=\"fusion-single-line-meta\"><span class=\"vcard\" style=\"display: none;\"><span class=\"fn\"><a href=\"https:\/\/grupojasf.com.br\/promocoes-e-eventos\/author\/marketing\/\" title=\"Posts de marketing\" rel=\"author\">marketing<\/a><\/span><\/span><span class=\"updated\" style=\"display:none;\">2022-02-22T09:45:23-03:00<\/span><span class=\"meta-tags\">Tags: <a href=\"https:\/\/grupojasf.com.br\/promocoes-e-eventos\/tag\/livros\/\" rel=\"tag\">Livros<\/a>, <a href=\"https:\/\/grupojasf.com.br\/promocoes-e-eventos\/tag\/organizador\/\" rel=\"tag\">organizador<\/a><\/span><span class=\"fusion-inline-sep\">|<\/span><\/p><div class=\"fusion-content-sep sep-none\"><\/div><div class=\"fusion-post-content-container\"><p>Se ao planejar um evento voc\u00ea se deparar com essas 3 quest\u00f5es...<\/p><\/div><\/div><div class=\"fusion-meta-info\"><div class=\"fusion-alignleft\"><a class=\"fusion-read-more\" href=\"https:\/\/grupojasf.com.br\/promocoes-e-eventos\/como-saber-qual-tipo-de-tecnologia-meu-evento-precisa-ter-para-ser-um-sucesso\/\" aria-label=\"More on Como saber qual tipo de tecnologia meu evento precisa ter para ser um sucesso\">Read More<\/a><\/div><\/div><\/div><div class=\"fusion-clearfix\"><\/div><\/div>\n<\/article>\n<div class=\"fusion-clearfix\"><\/div><\/div><\/div><\/div><\/div><\/div><\/div>\n","protected":false},"excerpt":{"rendered":"","protected":false},"author":1,"featured_media":2472,"parent":0,"menu_order":0,"comment_status":"closed","ping_status":"closed","template":"100-width.php","meta":{"_bbp_topic_count":0,"_bbp_reply_count":0,"_bbp_total_topic_count":0,"_bbp_total_reply_count":0,"_bbp_voice_count":0,"_bbp_anonymous_reply_count":0,"_bbp_topic_count_hidden":0,"_bbp_reply_count_hidden":0,"_bbp_forum_subforum_count":0,"content-type":"","om_disable_all_campaigns":false,"_mi_skip_tracking":false,"_monsterinsights_sitenote_active":false,"_monsterinsights_sitenote_note":"","_monsterinsights_sitenote_category":0,"footnotes":""},"class_list":["post-1370","page","type-page","status-publish","has-post-thumbnail","hentry"],"acf":[],"aioseo_notices":[],"yoast_head":"<!-- This site is optimized with the Yoast SEO plugin v21.9 - https:\/\/yoast.com\/wordpress\/plugins\/seo\/ -->\n<title>Tend\u00eancias - JASF Promo\u00e7\u00f5es e Eventos<\/title>\n<meta name=\"robots\" content=\"index, follow, max-snippet:-1, max-image-preview:large, max-video-preview:-1\" \/>\n<link rel=\"canonical\" href=\"https:\/\/grupojasf.com.br\/promocoes-e-eventos\/tendencias\/\" \/>\n<meta property=\"og:locale\" content=\"pt_BR\" \/>\n<meta property=\"og:type\" content=\"article\" \/>\n<meta property=\"og:title\" content=\"Tend\u00eancias - JASF Promo\u00e7\u00f5es e Eventos\" \/>\n<meta property=\"og:url\" content=\"https:\/\/grupojasf.com.br\/promocoes-e-eventos\/tendencias\/\" \/>\n<meta property=\"og:site_name\" content=\"JASF Promo\u00e7\u00f5es e Eventos\" \/>\n<meta property=\"article:modified_time\" content=\"2021-10-29T13:33:51+00:00\" \/>\n<meta property=\"og:image\" content=\"https:\/\/grupojasf.com.br\/promocoes-e-eventos\/wp-content\/uploads\/2020\/08\/feira-alumiac-grupo-jasf-1024x512.png\" \/>\n\t<meta property=\"og:image:width\" content=\"1024\" \/>\n\t<meta property=\"og:image:height\" content=\"512\" \/>\n\t<meta property=\"og:image:type\" content=\"image\/png\" \/>\n<meta name=\"twitter:card\" content=\"summary_large_image\" \/>\n<meta name=\"twitter:label1\" content=\"Est. tempo de leitura\" \/>\n\t<meta name=\"twitter:data1\" content=\"3 minutos\" \/>\n<script type=\"application\/ld+json\" class=\"yoast-schema-graph\">{\"@context\":\"https:\/\/schema.org\",\"@graph\":[{\"@type\":\"WebPage\",\"@id\":\"https:\/\/grupojasf.com.br\/promocoes-e-eventos\/tendencias\/\",\"url\":\"https:\/\/grupojasf.com.br\/promocoes-e-eventos\/tendencias\/\",\"name\":\"Tend\u00eancias - JASF Promo\u00e7\u00f5es e Eventos\",\"isPartOf\":{\"@id\":\"https:\/\/grupojasf.com.br\/promocoes-e-eventos\/#website\"},\"datePublished\":\"2020-08-14T13:24:14+00:00\",\"dateModified\":\"2021-10-29T13:33:51+00:00\",\"breadcrumb\":{\"@id\":\"https:\/\/grupojasf.com.br\/promocoes-e-eventos\/tendencias\/#breadcrumb\"},\"inLanguage\":\"pt-BR\",\"potentialAction\":[{\"@type\":\"ReadAction\",\"target\":[\"https:\/\/grupojasf.com.br\/promocoes-e-eventos\/tendencias\/\"]}]},{\"@type\":\"BreadcrumbList\",\"@id\":\"https:\/\/grupojasf.com.br\/promocoes-e-eventos\/tendencias\/#breadcrumb\",\"itemListElement\":[{\"@type\":\"ListItem\",\"position\":1,\"name\":\"Home\",\"item\":\"https:\/\/grupojasf.com.br\/promocoes-e-eventos\/\"},{\"@type\":\"ListItem\",\"position\":2,\"name\":\"Tend\u00eancias\"}]},{\"@type\":\"WebSite\",\"@id\":\"https:\/\/grupojasf.com.br\/promocoes-e-eventos\/#website\",\"url\":\"https:\/\/grupojasf.com.br\/promocoes-e-eventos\/\",\"name\":\"JASF Promo\u00e7\u00f5es e Eventos\",\"description\":\"Grupo Jasf\",\"potentialAction\":[{\"@type\":\"SearchAction\",\"target\":{\"@type\":\"EntryPoint\",\"urlTemplate\":\"https:\/\/grupojasf.com.br\/promocoes-e-eventos\/?s={search_term_string}\"},\"query-input\":\"required name=search_term_string\"}],\"inLanguage\":\"pt-BR\"}]}<\/script>\n<!-- \/ Yoast SEO plugin. -->","yoast_head_json":{"title":"Tend\u00eancias - JASF Promo\u00e7\u00f5es e Eventos","robots":{"index":"index","follow":"follow","max-snippet":"max-snippet:-1","max-image-preview":"max-image-preview:large","max-video-preview":"max-video-preview:-1"},"canonical":"https:\/\/grupojasf.com.br\/promocoes-e-eventos\/tendencias\/","og_locale":"pt_BR","og_type":"article","og_title":"Tend\u00eancias - JASF Promo\u00e7\u00f5es e Eventos","og_url":"https:\/\/grupojasf.com.br\/promocoes-e-eventos\/tendencias\/","og_site_name":"JASF Promo\u00e7\u00f5es e Eventos","article_modified_time":"2021-10-29T13:33:51+00:00","og_image":[{"width":1024,"height":512,"url":"https:\/\/grupojasf.com.br\/promocoes-e-eventos\/wp-content\/uploads\/2020\/08\/feira-alumiac-grupo-jasf-1024x512.png","type":"image\/png"}],"twitter_card":"summary_large_image","twitter_misc":{"Est. tempo de leitura":"3 minutos"},"schema":{"@context":"https:\/\/schema.org","@graph":[{"@type":"WebPage","@id":"https:\/\/grupojasf.com.br\/promocoes-e-eventos\/tendencias\/","url":"https:\/\/grupojasf.com.br\/promocoes-e-eventos\/tendencias\/","name":"Tend\u00eancias - JASF Promo\u00e7\u00f5es e Eventos","isPartOf":{"@id":"https:\/\/grupojasf.com.br\/promocoes-e-eventos\/#website"},"datePublished":"2020-08-14T13:24:14+00:00","dateModified":"2021-10-29T13:33:51+00:00","breadcrumb":{"@id":"https:\/\/grupojasf.com.br\/promocoes-e-eventos\/tendencias\/#breadcrumb"},"inLanguage":"pt-BR","potentialAction":[{"@type":"ReadAction","target":["https:\/\/grupojasf.com.br\/promocoes-e-eventos\/tendencias\/"]}]},{"@type":"BreadcrumbList","@id":"https:\/\/grupojasf.com.br\/promocoes-e-eventos\/tendencias\/#breadcrumb","itemListElement":[{"@type":"ListItem","position":1,"name":"Home","item":"https:\/\/grupojasf.com.br\/promocoes-e-eventos\/"},{"@type":"ListItem","position":2,"name":"Tend\u00eancias"}]},{"@type":"WebSite","@id":"https:\/\/grupojasf.com.br\/promocoes-e-eventos\/#website","url":"https:\/\/grupojasf.com.br\/promocoes-e-eventos\/","name":"JASF Promo\u00e7\u00f5es e Eventos","description":"Grupo Jasf","potentialAction":[{"@type":"SearchAction","target":{"@type":"EntryPoint","urlTemplate":"https:\/\/grupojasf.com.br\/promocoes-e-eventos\/?s={search_term_string}"},"query-input":"required name=search_term_string"}],"inLanguage":"pt-BR"}]}},"amp_enabled":false,"_links":{"self":[{"href":"https:\/\/grupojasf.com.br\/promocoes-e-eventos\/wp-json\/wp\/v2\/pages\/1370"}],"collection":[{"href":"https:\/\/grupojasf.com.br\/promocoes-e-eventos\/wp-json\/wp\/v2\/pages"}],"about":[{"href":"https:\/\/grupojasf.com.br\/promocoes-e-eventos\/wp-json\/wp\/v2\/types\/page"}],"author":[{"embeddable":true,"href":"https:\/\/grupojasf.com.br\/promocoes-e-eventos\/wp-json\/wp\/v2\/users\/1"}],"replies":[{"embeddable":true,"href":"https:\/\/grupojasf.com.br\/promocoes-e-eventos\/wp-json\/wp\/v2\/comments?post=1370"}],"version-history":[{"count":2,"href":"https:\/\/grupojasf.com.br\/promocoes-e-eventos\/wp-json\/wp\/v2\/pages\/1370\/revisions"}],"predecessor-version":[{"id":2520,"href":"https:\/\/grupojasf.com.br\/promocoes-e-eventos\/wp-json\/wp\/v2\/pages\/1370\/revisions\/2520"}],"wp:featuredmedia":[{"embeddable":true,"href":"https:\/\/grupojasf.com.br\/promocoes-e-eventos\/wp-json\/wp\/v2\/media\/2472"}],"wp:attachment":[{"href":"https:\/\/grupojasf.com.br\/promocoes-e-eventos\/wp-json\/wp\/v2\/media?parent=1370"}],"curies":[{"name":"wp","href":"https:\/\/api.w.org\/{rel}","templated":true}]}}