{"id":2579,"date":"2021-12-03T15:10:09","date_gmt":"2021-12-03T18:10:09","guid":{"rendered":"https:\/\/grupojasf.com.br\/promocoes-e-eventos\/novo\/produto\/cadeira-charles-eames-eiffel\/"},"modified":"2021-12-21T19:18:29","modified_gmt":"2021-12-21T22:18:29","slug":"cadeira-charles-eames-eiffel","status":"publish","type":"product","link":"https:\/\/grupojasf.com.br\/promocoes-e-eventos\/produto\/cadeira-charles-eames-eiffel\/","title":{"rendered":"Cadeira Charles Eames Eiffel"},"content":{"rendered":"<p>Cadeira Dkr Eames Polipropileno Base Eiffel Madeira<\/p>\n<p>Cor: Preta<\/p>\n<p>Descri\u00e7\u00e3o do item:<\/p>\n<p>Se voc\u00ea busca um ambiente com design irreverente, esse cl\u00e1ssico \u00e9 uma \u00f3tima op\u00e7\u00e3o para decora\u00e7\u00e3o moderna em diversos ambientes, tais como: sala de jantar, sala de estar, escrit\u00f3rio, caf\u00e9s, recep\u00e7\u00f5es, bares, restaurantes, entre outros.<\/p>\n<p>Perfeita combina\u00e7\u00e3o de conforto e estilo, sua forma ergom\u00e9trica se adapta perfeitamente ao formato do corpo, a combina\u00e7\u00e3o de pernas de madeira e fios de a\u00e7o preto, n\u00e3o adicionam apenas valor est\u00e9tico e tamb\u00e9m proporciona estabilidade a cadeira.<\/p>\n<p>Especifica\u00e7\u00f5es:<\/p>\n<p>Base: Fixa<\/p>\n<p>Bra\u00e7os: N\u00e3o<\/p>\n<p>Materiais: Madeira com acabamento em a\u00e7o pintado<\/p>\n<p>Necessita Montagem: Sim<\/p>\n<p>Garantia: 3 meses<\/p>\n<p>Medidas:<\/p>\n<p>Largura: 52 cm<\/p>\n<p>Profundidade: 55 cm<\/p>\n<p>Altura at\u00e9 o assento: 45 cm<\/p>\n<p>Altura Total: 80 cm<\/p>\n<p>Peso: 5 kg<\/p>\n<p>Peso Suportado: 120 kg<\/p>\n<p>Limpeza e Manuten\u00e7\u00e3o:<\/p>\n<p>Limpeza di\u00e1ria com um pano \u00famido e macio em solu\u00e7\u00e3o de \u00e1gua e detergente neutro. Enxaguar com pano \u00famido e secar em seguida.<\/p>\n<p>JAMAIS utilizar solventes como, c\u00e2ndida, cloro, benzina, thinner, acetona, produtos abrasivos como sapon\u00e1ceos, esponjas de a\u00e7o e similares.<\/p>\n","protected":false},"excerpt":{"rendered":"<p>Que tal aliar a necessidade funcional com a decorativa?<\/p>\n<p>A Cadeira\u00a0Vivence\u00a0\u00e9 a pe\u00e7a perfeita para receber seus convidados com muita classe e bom gosto ou mesmo dar a voc\u00ea o prazer de se sentar em uma cadeira que al\u00e9m de elegante, te proporciona o conforto desejado.<\/p>\n","protected":false},"featured_media":2573,"comment_status":"closed","ping_status":"closed","template":"","meta":{"_bbp_topic_count":0,"_bbp_reply_count":0,"_bbp_total_topic_count":0,"_bbp_total_reply_count":0,"_bbp_voice_count":0,"_bbp_anonymous_reply_count":0,"_bbp_topic_count_hidden":0,"_bbp_reply_count_hidden":0,"_bbp_forum_subforum_count":0,"content-type":"","om_disable_all_campaigns":false,"_mi_skip_tracking":false,"_monsterinsights_sitenote_active":false,"_monsterinsights_sitenote_note":"","_monsterinsights_sitenote_category":0},"product_cat":[211,161],"product_tag":[102,120,142],"class_list":{"0":"post-2579","1":"product","2":"type-product","3":"status-publish","4":"has-post-thumbnail","6":"product_cat-mobiliario-aluguel-de-cadeiras","7":"product_cat-mobiliario","8":"product_tag-aluguel-de-cadeiras","9":"product_tag-cadeiras-para-eventos","10":"product_tag-eventos","12":"first","13":"instock","14":"shipping-taxable","15":"purchasable","16":"product-type-simple"},"acf":[],"aioseo_notices":[],"yoast_head":"<!-- This site is optimized with the Yoast SEO plugin v21.9 - https:\/\/yoast.com\/wordpress\/plugins\/seo\/ -->\n<title>Cadeira Charles Eames Eiffel - JASF Promo\u00e7\u00f5es e Eventos<\/title>\n<meta name=\"robots\" content=\"index, follow, max-snippet:-1, max-image-preview:large, max-video-preview:-1\" \/>\n<link rel=\"canonical\" href=\"https:\/\/grupojasf.com.br\/promocoes-e-eventos\/produto\/cadeira-charles-eames-eiffel\/\" \/>\n<meta property=\"og:locale\" content=\"pt_BR\" \/>\n<meta property=\"og:type\" content=\"article\" \/>\n<meta property=\"og:title\" content=\"Cadeira Charles Eames Eiffel - JASF Promo\u00e7\u00f5es e Eventos\" \/>\n<meta property=\"og:description\" content=\"Que tal aliar a necessidade funcional com a decorativa?  A Cadeira\u00a0Vivence\u00a0\u00e9 a pe\u00e7a perfeita para receber seus convidados com muita classe e bom gosto ou mesmo dar a voc\u00ea o prazer de se sentar em uma cadeira que al\u00e9m de elegante, te proporciona o conforto desejado.\" \/>\n<meta property=\"og:url\" content=\"https:\/\/grupojasf.com.br\/promocoes-e-eventos\/produto\/cadeira-charles-eames-eiffel\/\" \/>\n<meta property=\"og:site_name\" content=\"JASF Promo\u00e7\u00f5es e Eventos\" \/>\n<meta property=\"article:modified_time\" content=\"2021-12-21T22:18:29+00:00\" \/>\n<meta property=\"og:image\" content=\"https:\/\/grupojasf.com.br\/promocoes-e-eventos\/wp-content\/uploads\/2021\/12\/cadeira-eiffel-pe\u0301-madeira-polipropileno-preto1-jasf-promoc\u0327o\u0303es-e-eventos-1024x1024-min.jpg\" \/>\n\t<meta property=\"og:image:width\" content=\"1024\" \/>\n\t<meta property=\"og:image:height\" content=\"1024\" \/>\n\t<meta property=\"og:image:type\" content=\"image\/jpeg\" \/>\n<meta name=\"twitter:card\" content=\"summary_large_image\" \/>\n<meta name=\"twitter:label1\" content=\"Est. tempo de leitura\" \/>\n\t<meta name=\"twitter:data1\" content=\"1 minuto\" \/>\n<script type=\"application\/ld+json\" class=\"yoast-schema-graph\">{\"@context\":\"https:\/\/schema.org\",\"@graph\":[{\"@type\":\"WebPage\",\"@id\":\"https:\/\/grupojasf.com.br\/promocoes-e-eventos\/produto\/cadeira-charles-eames-eiffel\/\",\"url\":\"https:\/\/grupojasf.com.br\/promocoes-e-eventos\/produto\/cadeira-charles-eames-eiffel\/\",\"name\":\"Cadeira Charles Eames Eiffel - JASF Promo\u00e7\u00f5es e Eventos\",\"isPartOf\":{\"@id\":\"https:\/\/grupojasf.com.br\/promocoes-e-eventos\/#website\"},\"datePublished\":\"2021-12-03T18:10:09+00:00\",\"dateModified\":\"2021-12-21T22:18:29+00:00\",\"breadcrumb\":{\"@id\":\"https:\/\/grupojasf.com.br\/promocoes-e-eventos\/produto\/cadeira-charles-eames-eiffel\/#breadcrumb\"},\"inLanguage\":\"pt-BR\",\"potentialAction\":[{\"@type\":\"ReadAction\",\"target\":[\"https:\/\/grupojasf.com.br\/promocoes-e-eventos\/produto\/cadeira-charles-eames-eiffel\/\"]}]},{\"@type\":\"BreadcrumbList\",\"@id\":\"https:\/\/grupojasf.com.br\/promocoes-e-eventos\/produto\/cadeira-charles-eames-eiffel\/#breadcrumb\",\"itemListElement\":[{\"@type\":\"ListItem\",\"position\":1,\"name\":\"Home\",\"item\":\"https:\/\/grupojasf.com.br\/promocoes-e-eventos\/\"},{\"@type\":\"ListItem\",\"position\":2,\"name\":\"Loja\",\"item\":\"https:\/\/grupojasf.com.br\/promocoes-e-eventos\/loja\/\"},{\"@type\":\"ListItem\",\"position\":3,\"name\":\"Cadeira Charles Eames Eiffel\"}]},{\"@type\":\"WebSite\",\"@id\":\"https:\/\/grupojasf.com.br\/promocoes-e-eventos\/#website\",\"url\":\"https:\/\/grupojasf.com.br\/promocoes-e-eventos\/\",\"name\":\"JASF Promo\u00e7\u00f5es e Eventos\",\"description\":\"Grupo Jasf\",\"potentialAction\":[{\"@type\":\"SearchAction\",\"target\":{\"@type\":\"EntryPoint\",\"urlTemplate\":\"https:\/\/grupojasf.com.br\/promocoes-e-eventos\/?s={search_term_string}\"},\"query-input\":\"required name=search_term_string\"}],\"inLanguage\":\"pt-BR\"}]}<\/script>\n<!-- \/ Yoast SEO plugin. -->","yoast_head_json":{"title":"Cadeira Charles Eames Eiffel - JASF Promo\u00e7\u00f5es e Eventos","robots":{"index":"index","follow":"follow","max-snippet":"max-snippet:-1","max-image-preview":"max-image-preview:large","max-video-preview":"max-video-preview:-1"},"canonical":"https:\/\/grupojasf.com.br\/promocoes-e-eventos\/produto\/cadeira-charles-eames-eiffel\/","og_locale":"pt_BR","og_type":"article","og_title":"Cadeira Charles Eames Eiffel - JASF Promo\u00e7\u00f5es e Eventos","og_description":"Que tal aliar a necessidade funcional com a decorativa?  A Cadeira\u00a0Vivence\u00a0\u00e9 a pe\u00e7a perfeita para receber seus convidados com muita classe e bom gosto ou mesmo dar a voc\u00ea o prazer de se sentar em uma cadeira que al\u00e9m de elegante, te proporciona o conforto desejado.","og_url":"https:\/\/grupojasf.com.br\/promocoes-e-eventos\/produto\/cadeira-charles-eames-eiffel\/","og_site_name":"JASF Promo\u00e7\u00f5es e Eventos","article_modified_time":"2021-12-21T22:18:29+00:00","og_image":[{"width":1024,"height":1024,"url":"https:\/\/grupojasf.com.br\/promocoes-e-eventos\/wp-content\/uploads\/2021\/12\/cadeira-eiffel-pe\u0301-madeira-polipropileno-preto1-jasf-promoc\u0327o\u0303es-e-eventos-1024x1024-min.jpg","type":"image\/jpeg"}],"twitter_card":"summary_large_image","twitter_misc":{"Est. tempo de leitura":"1 minuto"},"schema":{"@context":"https:\/\/schema.org","@graph":[{"@type":"WebPage","@id":"https:\/\/grupojasf.com.br\/promocoes-e-eventos\/produto\/cadeira-charles-eames-eiffel\/","url":"https:\/\/grupojasf.com.br\/promocoes-e-eventos\/produto\/cadeira-charles-eames-eiffel\/","name":"Cadeira Charles Eames Eiffel - JASF Promo\u00e7\u00f5es e Eventos","isPartOf":{"@id":"https:\/\/grupojasf.com.br\/promocoes-e-eventos\/#website"},"datePublished":"2021-12-03T18:10:09+00:00","dateModified":"2021-12-21T22:18:29+00:00","breadcrumb":{"@id":"https:\/\/grupojasf.com.br\/promocoes-e-eventos\/produto\/cadeira-charles-eames-eiffel\/#breadcrumb"},"inLanguage":"pt-BR","potentialAction":[{"@type":"ReadAction","target":["https:\/\/grupojasf.com.br\/promocoes-e-eventos\/produto\/cadeira-charles-eames-eiffel\/"]}]},{"@type":"BreadcrumbList","@id":"https:\/\/grupojasf.com.br\/promocoes-e-eventos\/produto\/cadeira-charles-eames-eiffel\/#breadcrumb","itemListElement":[{"@type":"ListItem","position":1,"name":"Home","item":"https:\/\/grupojasf.com.br\/promocoes-e-eventos\/"},{"@type":"ListItem","position":2,"name":"Loja","item":"https:\/\/grupojasf.com.br\/promocoes-e-eventos\/loja\/"},{"@type":"ListItem","position":3,"name":"Cadeira Charles Eames Eiffel"}]},{"@type":"WebSite","@id":"https:\/\/grupojasf.com.br\/promocoes-e-eventos\/#website","url":"https:\/\/grupojasf.com.br\/promocoes-e-eventos\/","name":"JASF Promo\u00e7\u00f5es e Eventos","description":"Grupo Jasf","potentialAction":[{"@type":"SearchAction","target":{"@type":"EntryPoint","urlTemplate":"https:\/\/grupojasf.com.br\/promocoes-e-eventos\/?s={search_term_string}"},"query-input":"required name=search_term_string"}],"inLanguage":"pt-BR"}]}},"_links":{"self":[{"href":"https:\/\/grupojasf.com.br\/promocoes-e-eventos\/wp-json\/wp\/v2\/product\/2579"}],"collection":[{"href":"https:\/\/grupojasf.com.br\/promocoes-e-eventos\/wp-json\/wp\/v2\/product"}],"about":[{"href":"https:\/\/grupojasf.com.br\/promocoes-e-eventos\/wp-json\/wp\/v2\/types\/product"}],"replies":[{"embeddable":true,"href":"https:\/\/grupojasf.com.br\/promocoes-e-eventos\/wp-json\/wp\/v2\/comments?post=2579"}],"wp:featuredmedia":[{"embeddable":true,"href":"https:\/\/grupojasf.com.br\/promocoes-e-eventos\/wp-json\/wp\/v2\/media\/2573"}],"wp:attachment":[{"href":"https:\/\/grupojasf.com.br\/promocoes-e-eventos\/wp-json\/wp\/v2\/media?parent=2579"}],"wp:term":[{"taxonomy":"product_cat","embeddable":true,"href":"https:\/\/grupojasf.com.br\/promocoes-e-eventos\/wp-json\/wp\/v2\/product_cat?post=2579"},{"taxonomy":"product_tag","embeddable":true,"href":"https:\/\/grupojasf.com.br\/promocoes-e-eventos\/wp-json\/wp\/v2\/product_tag?post=2579"}],"curies":[{"name":"wp","href":"https:\/\/api.w.org\/{rel}","templated":true}]}}