{"id":3543,"date":"2021-12-03T15:40:12","date_gmt":"2021-12-03T18:40:12","guid":{"rendered":"https:\/\/grupojasf.com.br\/promocoes-e-eventos\/novo\/produto\/sofa-barcelona-2-lugares\/"},"modified":"2021-12-03T15:40:12","modified_gmt":"2021-12-03T18:40:12","slug":"sofa-barcelona-2-lugares","status":"publish","type":"product","link":"https:\/\/grupojasf.com.br\/promocoes-e-eventos\/produto\/sofa-barcelona-2-lugares\/","title":{"rendered":"Sof\u00e1 Barcelona 2 lugares"},"content":{"rendered":"<p><strong>\u00a0<\/strong><\/p>\n<ul style=\"--awb-iconcolor:#aaaaaa;--awb-line-height:28.9px;--awb-icon-width:28.9px;--awb-icon-height:28.9px;--awb-icon-margin:11.9px;--awb-content-margin:40.8px;\" class=\"fusion-checklist fusion-checklist-1 fusion-checklist-default type-icons\"><\/p>\n<div id=\"secao-descricao\">\n<p>Sofa Barcelona 2 Lugares possui caracter\u00edsticas, dimens\u00f5es, acabamento e qualidade de alto padr\u00e3o fieis aos tra\u00e7os originais do modelo de 1929 do designer Mies Van Der Rohe, possui estrutura em a\u00e7o inox de 1 \u00bc x \u00bd\u201d NBR 304 com polimento espelhado, percintas de couro soleta de 3,2mm coloridas com o tom do revestimento e pigmentos que n\u00e3o agridem o meio ambiente, almofadas em espuma certificada 100% poliuretano D33, costuras com vivos, bot\u00f5es na jun\u00e7\u00e3o das costuras, revestimento em Ecologico, cada pequeno quadrado \u00e9 costurado um a um.<\/p>\n<p>Dimens\u00f5es:<br \/>\nLargura: 150cm &#8211; Profundidade: 75cm &#8211; Altura: 74cm<\/p>\n<p>Criada para fornecer o m\u00e1ximo de conforto e ergonomia, o sofa Barcelona 2 Lugares continua admirando pessoas do mundo todo que procuram pe\u00e7as modernas e atemporais. Escolha uma entre as diversas cores dispon\u00edveis para dar um toque de sofistica\u00e7\u00e3o ao seu ambiente. Possuir uma \u00e9 um atestado de estilo e muito bom gosto!<\/p>\n<p><\/ul>\n<\/div>\n","protected":false},"excerpt":{"rendered":"[fusion_checklist icon=\"ok\" iconcolor=\"#aaaaaa\" circle=\"no\"]<\/p>\n<p>Sof\u00e1 Barcelona 2 Lugares possui caracter\u00edsticas, dimens\u00f5es, acabamento e qualidade de alto padr\u00e3o fieis aos tra\u00e7os originais do modelo de 1929 do designer Mies Van Der Rohe, possui estrutura em a\u00e7o inox de 1 \u00bc x \u00bd\u201d NBR 304 com polimento espelhado, percintas de couro soleta de 3,2mm coloridas com o tom do revestimento e pigmentos que n\u00e3o agridem o meio ambiente, almofadas em espuma certificada 100% poliuretano D33, costuras com vivos, bot\u00f5es na jun\u00e7\u00e3o das costuras, revestimento em Ecologico, cada pequeno quadrado \u00e9 costurado um a um.<\/p>\n<p>Dimens\u00f5es:<br \/>\nLargura: 150cm &#8211; Profundidade: 75cm &#8211; Altura: 74cm<\/p>\n<p>[\/fusion_checklist]\n","protected":false},"featured_media":3540,"comment_status":"open","ping_status":"closed","template":"","meta":{"_bbp_topic_count":0,"_bbp_reply_count":0,"_bbp_total_topic_count":0,"_bbp_total_reply_count":0,"_bbp_voice_count":0,"_bbp_anonymous_reply_count":0,"_bbp_topic_count_hidden":0,"_bbp_reply_count_hidden":0,"_bbp_forum_subforum_count":0,"content-type":"","om_disable_all_campaigns":false,"_mi_skip_tracking":false,"_monsterinsights_sitenote_active":false,"_monsterinsights_sitenote_note":"","_monsterinsights_sitenote_category":0},"product_cat":[224,161],"product_tag":[162],"class_list":{"0":"post-3543","1":"product","2":"type-product","3":"status-publish","4":"has-post-thumbnail","6":"product_cat-aluguel-de-sofas","7":"product_cat-mobiliario","8":"product_tag-mobiliario","10":"first","11":"instock","12":"shipping-taxable","13":"purchasable","14":"product-type-simple"},"acf":[],"aioseo_notices":[],"yoast_head":"<!-- This site is optimized with the Yoast SEO plugin v21.9 - https:\/\/yoast.com\/wordpress\/plugins\/seo\/ -->\n<title>Sof\u00e1 Barcelona 2 lugares - JASF Promo\u00e7\u00f5es e Eventos<\/title>\n<meta name=\"robots\" content=\"index, follow, max-snippet:-1, max-image-preview:large, max-video-preview:-1\" \/>\n<link rel=\"canonical\" href=\"https:\/\/grupojasf.com.br\/promocoes-e-eventos\/produto\/sofa-barcelona-2-lugares\/\" \/>\n<meta property=\"og:locale\" content=\"pt_BR\" \/>\n<meta property=\"og:type\" content=\"article\" \/>\n<meta property=\"og:title\" content=\"Sof\u00e1 Barcelona 2 lugares - JASF Promo\u00e7\u00f5es e Eventos\" \/>\n<meta property=\"og:url\" content=\"https:\/\/grupojasf.com.br\/promocoes-e-eventos\/produto\/sofa-barcelona-2-lugares\/\" \/>\n<meta property=\"og:site_name\" content=\"JASF Promo\u00e7\u00f5es e Eventos\" \/>\n<meta property=\"og:image\" content=\"https:\/\/grupojasf.com.br\/promocoes-e-eventos\/wp-content\/uploads\/2021\/12\/Sofa-Barcelona-Jasf-Eventos.jpg\" \/>\n\t<meta property=\"og:image:width\" content=\"1200\" \/>\n\t<meta property=\"og:image:height\" content=\"1200\" \/>\n\t<meta property=\"og:image:type\" content=\"image\/jpeg\" \/>\n<meta name=\"twitter:card\" content=\"summary_large_image\" \/>\n<meta name=\"twitter:description\" content=\"[fusion_checklist icon=&quot;ok&quot; iconcolor=&quot;#aaaaaa&quot; circle=&quot;no&quot;]  Sof\u00e1 Barcelona 2 Lugares possui caracter\u00edsticas, dimens\u00f5es, acabamento e qualidade de alto padr\u00e3o fieis aos tra\u00e7os originais do modelo de 1929 do designer Mies Van Der Rohe, possui estrutura em a\u00e7o inox de 1 \u00bc x \u00bd\u201d NBR 304 com polimento espelhado, percintas de couro soleta de 3,2mm coloridas com o tom do revestimento e pigmentos que n\u00e3o agridem o meio ambiente, almofadas em espuma certificada 100% poliuretano D33, costuras com vivos, bot\u00f5es na jun\u00e7\u00e3o das costuras, revestimento em Ecologico, cada pequeno quadrado \u00e9 costurado um a um.  Dimens\u00f5es: Largura: 150cm - Profundidade: 75cm - Altura: 74cm  [\/fusion_checklist]\" \/>\n<meta name=\"twitter:label1\" content=\"Est. tempo de leitura\" \/>\n\t<meta name=\"twitter:data1\" content=\"1 minuto\" \/>\n<script type=\"application\/ld+json\" class=\"yoast-schema-graph\">{\"@context\":\"https:\/\/schema.org\",\"@graph\":[{\"@type\":\"WebPage\",\"@id\":\"https:\/\/grupojasf.com.br\/promocoes-e-eventos\/produto\/sofa-barcelona-2-lugares\/\",\"url\":\"https:\/\/grupojasf.com.br\/promocoes-e-eventos\/produto\/sofa-barcelona-2-lugares\/\",\"name\":\"Sof\u00e1 Barcelona 2 lugares - JASF Promo\u00e7\u00f5es e Eventos\",\"isPartOf\":{\"@id\":\"https:\/\/grupojasf.com.br\/promocoes-e-eventos\/#website\"},\"datePublished\":\"2021-12-03T18:40:12+00:00\",\"dateModified\":\"2021-12-03T18:40:12+00:00\",\"breadcrumb\":{\"@id\":\"https:\/\/grupojasf.com.br\/promocoes-e-eventos\/produto\/sofa-barcelona-2-lugares\/#breadcrumb\"},\"inLanguage\":\"pt-BR\",\"potentialAction\":[{\"@type\":\"ReadAction\",\"target\":[\"https:\/\/grupojasf.com.br\/promocoes-e-eventos\/produto\/sofa-barcelona-2-lugares\/\"]}]},{\"@type\":\"BreadcrumbList\",\"@id\":\"https:\/\/grupojasf.com.br\/promocoes-e-eventos\/produto\/sofa-barcelona-2-lugares\/#breadcrumb\",\"itemListElement\":[{\"@type\":\"ListItem\",\"position\":1,\"name\":\"Home\",\"item\":\"https:\/\/grupojasf.com.br\/promocoes-e-eventos\/\"},{\"@type\":\"ListItem\",\"position\":2,\"name\":\"Loja\",\"item\":\"https:\/\/grupojasf.com.br\/promocoes-e-eventos\/loja\/\"},{\"@type\":\"ListItem\",\"position\":3,\"name\":\"Sof\u00e1 Barcelona 2 lugares\"}]},{\"@type\":\"WebSite\",\"@id\":\"https:\/\/grupojasf.com.br\/promocoes-e-eventos\/#website\",\"url\":\"https:\/\/grupojasf.com.br\/promocoes-e-eventos\/\",\"name\":\"JASF Promo\u00e7\u00f5es e Eventos\",\"description\":\"Grupo Jasf\",\"potentialAction\":[{\"@type\":\"SearchAction\",\"target\":{\"@type\":\"EntryPoint\",\"urlTemplate\":\"https:\/\/grupojasf.com.br\/promocoes-e-eventos\/?s={search_term_string}\"},\"query-input\":\"required name=search_term_string\"}],\"inLanguage\":\"pt-BR\"}]}<\/script>\n<!-- \/ Yoast SEO plugin. -->","yoast_head_json":{"title":"Sof\u00e1 Barcelona 2 lugares - JASF Promo\u00e7\u00f5es e Eventos","robots":{"index":"index","follow":"follow","max-snippet":"max-snippet:-1","max-image-preview":"max-image-preview:large","max-video-preview":"max-video-preview:-1"},"canonical":"https:\/\/grupojasf.com.br\/promocoes-e-eventos\/produto\/sofa-barcelona-2-lugares\/","og_locale":"pt_BR","og_type":"article","og_title":"Sof\u00e1 Barcelona 2 lugares - JASF Promo\u00e7\u00f5es e Eventos","og_url":"https:\/\/grupojasf.com.br\/promocoes-e-eventos\/produto\/sofa-barcelona-2-lugares\/","og_site_name":"JASF Promo\u00e7\u00f5es e Eventos","og_image":[{"width":1200,"height":1200,"url":"https:\/\/grupojasf.com.br\/promocoes-e-eventos\/wp-content\/uploads\/2021\/12\/Sofa-Barcelona-Jasf-Eventos.jpg","type":"image\/jpeg"}],"twitter_card":"summary_large_image","twitter_description":"[fusion_checklist icon=\"ok\" iconcolor=\"#aaaaaa\" circle=\"no\"]  Sof\u00e1 Barcelona 2 Lugares possui caracter\u00edsticas, dimens\u00f5es, acabamento e qualidade de alto padr\u00e3o fieis aos tra\u00e7os originais do modelo de 1929 do designer Mies Van Der Rohe, possui estrutura em a\u00e7o inox de 1 \u00bc x \u00bd\u201d NBR 304 com polimento espelhado, percintas de couro soleta de 3,2mm coloridas com o tom do revestimento e pigmentos que n\u00e3o agridem o meio ambiente, almofadas em espuma certificada 100% poliuretano D33, costuras com vivos, bot\u00f5es na jun\u00e7\u00e3o das costuras, revestimento em Ecologico, cada pequeno quadrado \u00e9 costurado um a um.  Dimens\u00f5es: Largura: 150cm - Profundidade: 75cm - Altura: 74cm  [\/fusion_checklist]","twitter_misc":{"Est. tempo de leitura":"1 minuto"},"schema":{"@context":"https:\/\/schema.org","@graph":[{"@type":"WebPage","@id":"https:\/\/grupojasf.com.br\/promocoes-e-eventos\/produto\/sofa-barcelona-2-lugares\/","url":"https:\/\/grupojasf.com.br\/promocoes-e-eventos\/produto\/sofa-barcelona-2-lugares\/","name":"Sof\u00e1 Barcelona 2 lugares - JASF Promo\u00e7\u00f5es e Eventos","isPartOf":{"@id":"https:\/\/grupojasf.com.br\/promocoes-e-eventos\/#website"},"datePublished":"2021-12-03T18:40:12+00:00","dateModified":"2021-12-03T18:40:12+00:00","breadcrumb":{"@id":"https:\/\/grupojasf.com.br\/promocoes-e-eventos\/produto\/sofa-barcelona-2-lugares\/#breadcrumb"},"inLanguage":"pt-BR","potentialAction":[{"@type":"ReadAction","target":["https:\/\/grupojasf.com.br\/promocoes-e-eventos\/produto\/sofa-barcelona-2-lugares\/"]}]},{"@type":"BreadcrumbList","@id":"https:\/\/grupojasf.com.br\/promocoes-e-eventos\/produto\/sofa-barcelona-2-lugares\/#breadcrumb","itemListElement":[{"@type":"ListItem","position":1,"name":"Home","item":"https:\/\/grupojasf.com.br\/promocoes-e-eventos\/"},{"@type":"ListItem","position":2,"name":"Loja","item":"https:\/\/grupojasf.com.br\/promocoes-e-eventos\/loja\/"},{"@type":"ListItem","position":3,"name":"Sof\u00e1 Barcelona 2 lugares"}]},{"@type":"WebSite","@id":"https:\/\/grupojasf.com.br\/promocoes-e-eventos\/#website","url":"https:\/\/grupojasf.com.br\/promocoes-e-eventos\/","name":"JASF Promo\u00e7\u00f5es e Eventos","description":"Grupo Jasf","potentialAction":[{"@type":"SearchAction","target":{"@type":"EntryPoint","urlTemplate":"https:\/\/grupojasf.com.br\/promocoes-e-eventos\/?s={search_term_string}"},"query-input":"required name=search_term_string"}],"inLanguage":"pt-BR"}]}},"_links":{"self":[{"href":"https:\/\/grupojasf.com.br\/promocoes-e-eventos\/wp-json\/wp\/v2\/product\/3543"}],"collection":[{"href":"https:\/\/grupojasf.com.br\/promocoes-e-eventos\/wp-json\/wp\/v2\/product"}],"about":[{"href":"https:\/\/grupojasf.com.br\/promocoes-e-eventos\/wp-json\/wp\/v2\/types\/product"}],"replies":[{"embeddable":true,"href":"https:\/\/grupojasf.com.br\/promocoes-e-eventos\/wp-json\/wp\/v2\/comments?post=3543"}],"wp:featuredmedia":[{"embeddable":true,"href":"https:\/\/grupojasf.com.br\/promocoes-e-eventos\/wp-json\/wp\/v2\/media\/3540"}],"wp:attachment":[{"href":"https:\/\/grupojasf.com.br\/promocoes-e-eventos\/wp-json\/wp\/v2\/media?parent=3543"}],"wp:term":[{"taxonomy":"product_cat","embeddable":true,"href":"https:\/\/grupojasf.com.br\/promocoes-e-eventos\/wp-json\/wp\/v2\/product_cat?post=3543"},{"taxonomy":"product_tag","embeddable":true,"href":"https:\/\/grupojasf.com.br\/promocoes-e-eventos\/wp-json\/wp\/v2\/product_tag?post=3543"}],"curies":[{"name":"wp","href":"https:\/\/api.w.org\/{rel}","templated":true}]}}