{"id":3548,"date":"2021-12-03T15:40:18","date_gmt":"2021-12-03T18:40:18","guid":{"rendered":"https:\/\/grupojasf.com.br\/promocoes-e-eventos\/novo\/produto\/banqueta-branca\/"},"modified":"2021-12-21T19:00:42","modified_gmt":"2021-12-21T22:00:42","slug":"banqueta-branca","status":"publish","type":"product","link":"https:\/\/grupojasf.com.br\/promocoes-e-eventos\/produto\/banqueta-branca\/","title":{"rendered":"Banqueta Branca"},"content":{"rendered":"<p><strong>\u00a0<\/strong><\/p>\n<ul style=\"--awb-iconcolor:#aaaaaa;--awb-line-height:28.9px;--awb-icon-width:28.9px;--awb-icon-height:28.9px;--awb-icon-margin:11.9px;--awb-content-margin:40.8px;\" class=\"fusion-checklist fusion-checklist-1 fusion-checklist-default type-icons\"><\/p>\n<div id=\"secao-descricao\">\n<p>A Banqueta Branca \u00e9 uma pe\u00e7a essencial para compor seu evento, sala ou copa. Ela apresenta um design ergon\u00f4mico e conta com apoio para p\u00e9s, assento girat\u00f3rio revestido em PU e regulagem de altura. Uma boa op\u00e7\u00e3o para receber os seus visitantes, al\u00e9m de ter uma montagem super f\u00e1cil! Demais, n\u00e9?<\/p>\n<table width=\"100%\">\n<tbody>\n<tr class=\" odd\">\n<th class=\"strong\" width=\"45%\">Cor<\/th>\n<td width=\"55%\"><span class=\"dynamic_option_color\">Branco<\/span><\/td>\n<\/tr>\n<tr class=\" even\">\n<th class=\"strong\" width=\"45%\"><\/th>\n<td width=\"55%\"><\/td>\n<\/tr>\n<tr class=\" odd\">\n<th class=\"strong\" width=\"45%\">Conte\u00fado da Embalagem<\/th>\n<td width=\"55%\"><span class=\"dynamic_option_product_contents\">1 banco<\/span><\/td>\n<\/tr>\n<tr class=\" even\">\n<th class=\"strong\" width=\"45%\">Ambientes<\/th>\n<td width=\"55%\"><span class=\"dynamic_option_application\">Bar<\/span><\/td>\n<\/tr>\n<tr class=\" odd\">\n<th class=\"strong\" width=\"45%\">Modelo<\/th>\n<td width=\"55%\"><span class=\"dynamic_option_model\">Belo Horizonte<\/span><\/td>\n<\/tr>\n<tr class=\" even\">\n<th class=\"strong\" width=\"45%\">Material<\/th>\n<td width=\"55%\"><span class=\"dynamic_option_material\">Base Cromada Assento Recouro<\/span><\/td>\n<\/tr>\n<tr class=\" odd\">\n<th class=\"strong\" width=\"45%\">Descri\u00e7\u00e3o do Tamanho<\/th>\n<td width=\"55%\"><span class=\"dynamic_option_size_description\">Altura m\u00e1xima: 88cm \/ Altura m\u00ednima: 66cm<\/span><\/td>\n<\/tr>\n<tr class=\" even\">\n<th class=\"strong\" width=\"45%\">Produto precisa de Montagem?<\/th>\n<td width=\"55%\"><span class=\"dynamic_option_assembly_required\">Sim<\/span><\/td>\n<\/tr>\n<tr class=\" odd\">\n<th class=\"strong\" width=\"45%\">Peso suportado (kg)<\/th>\n<td width=\"55%\"><span class=\"dynamic_option_recommended_weight_ch\">120<\/span><\/td>\n<\/tr>\n<tr class=\" even\">\n<th class=\"strong\" width=\"45%\">Revestimento<\/th>\n<td width=\"55%\"><span class=\"dynamic_option_coating\">Couro Sint\u00e9tico<\/span><\/td>\n<\/tr>\n<\/tbody>\n<\/table>\n<p><\/ul>\n<\/div>\n","protected":false},"excerpt":{"rendered":"[fusion_checklist icon=\"ok\" iconcolor=\"#aaaaaa\" circle=\"no\"]<\/p>\n<p>A Banqueta Branca \u00e9 uma pe\u00e7a essencial para compor seu evento, sala ou copa. Ela apresenta um design ergon\u00f4mico e conta com apoio para p\u00e9s, assento girat\u00f3rio revestido em PU e regulagem de altura. Uma boa op\u00e7\u00e3o para receber os seus visitantes, al\u00e9m de ter uma montagem super f\u00e1cil! Demais, n\u00e9?<\/p>\n<p>[\/fusion_checklist]\n","protected":false},"featured_media":3544,"comment_status":"closed","ping_status":"closed","template":"","meta":{"_bbp_topic_count":0,"_bbp_reply_count":0,"_bbp_total_topic_count":0,"_bbp_total_reply_count":0,"_bbp_voice_count":0,"_bbp_anonymous_reply_count":0,"_bbp_topic_count_hidden":0,"_bbp_reply_count_hidden":0,"_bbp_forum_subforum_count":0,"content-type":"","om_disable_all_campaigns":false,"_mi_skip_tracking":false,"_monsterinsights_sitenote_active":false,"_monsterinsights_sitenote_note":"","_monsterinsights_sitenote_category":0},"product_cat":[210,161],"product_tag":[109,162],"class_list":{"0":"post-3548","1":"product","2":"type-product","3":"status-publish","4":"has-post-thumbnail","6":"product_cat-aluguel-de-banquetas","7":"product_cat-mobiliario","8":"product_tag-banqueta","9":"product_tag-mobiliario","11":"first","12":"instock","13":"shipping-taxable","14":"purchasable","15":"product-type-simple"},"acf":[],"aioseo_notices":[],"yoast_head":"<!-- This site is optimized with the Yoast SEO plugin v21.9 - https:\/\/yoast.com\/wordpress\/plugins\/seo\/ -->\n<title>Banqueta Branca - JASF Promo\u00e7\u00f5es e Eventos<\/title>\n<meta name=\"robots\" content=\"index, follow, max-snippet:-1, max-image-preview:large, max-video-preview:-1\" \/>\n<link rel=\"canonical\" href=\"https:\/\/grupojasf.com.br\/promocoes-e-eventos\/produto\/banqueta-branca\/\" \/>\n<meta property=\"og:locale\" content=\"pt_BR\" \/>\n<meta property=\"og:type\" content=\"article\" \/>\n<meta property=\"og:title\" content=\"Banqueta Branca - JASF Promo\u00e7\u00f5es e Eventos\" \/>\n<meta property=\"og:url\" content=\"https:\/\/grupojasf.com.br\/promocoes-e-eventos\/produto\/banqueta-branca\/\" \/>\n<meta property=\"og:site_name\" content=\"JASF Promo\u00e7\u00f5es e Eventos\" \/>\n<meta property=\"article:modified_time\" content=\"2021-12-21T22:00:42+00:00\" \/>\n<meta property=\"og:image\" content=\"https:\/\/grupojasf.com.br\/promocoes-e-eventos\/wp-content\/uploads\/2021\/12\/banqueta-branca-jasf-eventos3.jpg\" \/>\n\t<meta property=\"og:image:width\" content=\"728\" \/>\n\t<meta property=\"og:image:height\" content=\"728\" \/>\n\t<meta property=\"og:image:type\" content=\"image\/jpeg\" \/>\n<meta name=\"twitter:card\" content=\"summary_large_image\" \/>\n<meta name=\"twitter:description\" content=\"[fusion_checklist icon=&quot;ok&quot; iconcolor=&quot;#aaaaaa&quot; circle=&quot;no&quot;]  A Banqueta Branca \u00e9 uma pe\u00e7a essencial para compor seu evento, sala ou copa. Ela apresenta um design ergon\u00f4mico e conta com apoio para p\u00e9s, assento girat\u00f3rio revestido em PU e regulagem de altura. Uma boa op\u00e7\u00e3o para receber os seus visitantes, al\u00e9m de ter uma montagem super f\u00e1cil! Demais, n\u00e9?  [\/fusion_checklist]\" \/>\n<meta name=\"twitter:label1\" content=\"Est. tempo de leitura\" \/>\n\t<meta name=\"twitter:data1\" content=\"1 minuto\" \/>\n<script type=\"application\/ld+json\" class=\"yoast-schema-graph\">{\"@context\":\"https:\/\/schema.org\",\"@graph\":[{\"@type\":\"WebPage\",\"@id\":\"https:\/\/grupojasf.com.br\/promocoes-e-eventos\/produto\/banqueta-branca\/\",\"url\":\"https:\/\/grupojasf.com.br\/promocoes-e-eventos\/produto\/banqueta-branca\/\",\"name\":\"Banqueta Branca - JASF Promo\u00e7\u00f5es e Eventos\",\"isPartOf\":{\"@id\":\"https:\/\/grupojasf.com.br\/promocoes-e-eventos\/#website\"},\"datePublished\":\"2021-12-03T18:40:18+00:00\",\"dateModified\":\"2021-12-21T22:00:42+00:00\",\"breadcrumb\":{\"@id\":\"https:\/\/grupojasf.com.br\/promocoes-e-eventos\/produto\/banqueta-branca\/#breadcrumb\"},\"inLanguage\":\"pt-BR\",\"potentialAction\":[{\"@type\":\"ReadAction\",\"target\":[\"https:\/\/grupojasf.com.br\/promocoes-e-eventos\/produto\/banqueta-branca\/\"]}]},{\"@type\":\"BreadcrumbList\",\"@id\":\"https:\/\/grupojasf.com.br\/promocoes-e-eventos\/produto\/banqueta-branca\/#breadcrumb\",\"itemListElement\":[{\"@type\":\"ListItem\",\"position\":1,\"name\":\"Home\",\"item\":\"https:\/\/grupojasf.com.br\/promocoes-e-eventos\/\"},{\"@type\":\"ListItem\",\"position\":2,\"name\":\"Loja\",\"item\":\"https:\/\/grupojasf.com.br\/promocoes-e-eventos\/loja\/\"},{\"@type\":\"ListItem\",\"position\":3,\"name\":\"Banqueta Branca\"}]},{\"@type\":\"WebSite\",\"@id\":\"https:\/\/grupojasf.com.br\/promocoes-e-eventos\/#website\",\"url\":\"https:\/\/grupojasf.com.br\/promocoes-e-eventos\/\",\"name\":\"JASF Promo\u00e7\u00f5es e Eventos\",\"description\":\"Grupo Jasf\",\"potentialAction\":[{\"@type\":\"SearchAction\",\"target\":{\"@type\":\"EntryPoint\",\"urlTemplate\":\"https:\/\/grupojasf.com.br\/promocoes-e-eventos\/?s={search_term_string}\"},\"query-input\":\"required name=search_term_string\"}],\"inLanguage\":\"pt-BR\"}]}<\/script>\n<!-- \/ Yoast SEO plugin. -->","yoast_head_json":{"title":"Banqueta Branca - JASF Promo\u00e7\u00f5es e Eventos","robots":{"index":"index","follow":"follow","max-snippet":"max-snippet:-1","max-image-preview":"max-image-preview:large","max-video-preview":"max-video-preview:-1"},"canonical":"https:\/\/grupojasf.com.br\/promocoes-e-eventos\/produto\/banqueta-branca\/","og_locale":"pt_BR","og_type":"article","og_title":"Banqueta Branca - JASF Promo\u00e7\u00f5es e Eventos","og_url":"https:\/\/grupojasf.com.br\/promocoes-e-eventos\/produto\/banqueta-branca\/","og_site_name":"JASF Promo\u00e7\u00f5es e Eventos","article_modified_time":"2021-12-21T22:00:42+00:00","og_image":[{"width":728,"height":728,"url":"https:\/\/grupojasf.com.br\/promocoes-e-eventos\/wp-content\/uploads\/2021\/12\/banqueta-branca-jasf-eventos3.jpg","type":"image\/jpeg"}],"twitter_card":"summary_large_image","twitter_description":"[fusion_checklist icon=\"ok\" iconcolor=\"#aaaaaa\" circle=\"no\"]  A Banqueta Branca \u00e9 uma pe\u00e7a essencial para compor seu evento, sala ou copa. Ela apresenta um design ergon\u00f4mico e conta com apoio para p\u00e9s, assento girat\u00f3rio revestido em PU e regulagem de altura. Uma boa op\u00e7\u00e3o para receber os seus visitantes, al\u00e9m de ter uma montagem super f\u00e1cil! Demais, n\u00e9?  [\/fusion_checklist]","twitter_misc":{"Est. tempo de leitura":"1 minuto"},"schema":{"@context":"https:\/\/schema.org","@graph":[{"@type":"WebPage","@id":"https:\/\/grupojasf.com.br\/promocoes-e-eventos\/produto\/banqueta-branca\/","url":"https:\/\/grupojasf.com.br\/promocoes-e-eventos\/produto\/banqueta-branca\/","name":"Banqueta Branca - JASF Promo\u00e7\u00f5es e Eventos","isPartOf":{"@id":"https:\/\/grupojasf.com.br\/promocoes-e-eventos\/#website"},"datePublished":"2021-12-03T18:40:18+00:00","dateModified":"2021-12-21T22:00:42+00:00","breadcrumb":{"@id":"https:\/\/grupojasf.com.br\/promocoes-e-eventos\/produto\/banqueta-branca\/#breadcrumb"},"inLanguage":"pt-BR","potentialAction":[{"@type":"ReadAction","target":["https:\/\/grupojasf.com.br\/promocoes-e-eventos\/produto\/banqueta-branca\/"]}]},{"@type":"BreadcrumbList","@id":"https:\/\/grupojasf.com.br\/promocoes-e-eventos\/produto\/banqueta-branca\/#breadcrumb","itemListElement":[{"@type":"ListItem","position":1,"name":"Home","item":"https:\/\/grupojasf.com.br\/promocoes-e-eventos\/"},{"@type":"ListItem","position":2,"name":"Loja","item":"https:\/\/grupojasf.com.br\/promocoes-e-eventos\/loja\/"},{"@type":"ListItem","position":3,"name":"Banqueta Branca"}]},{"@type":"WebSite","@id":"https:\/\/grupojasf.com.br\/promocoes-e-eventos\/#website","url":"https:\/\/grupojasf.com.br\/promocoes-e-eventos\/","name":"JASF Promo\u00e7\u00f5es e Eventos","description":"Grupo Jasf","potentialAction":[{"@type":"SearchAction","target":{"@type":"EntryPoint","urlTemplate":"https:\/\/grupojasf.com.br\/promocoes-e-eventos\/?s={search_term_string}"},"query-input":"required name=search_term_string"}],"inLanguage":"pt-BR"}]}},"_links":{"self":[{"href":"https:\/\/grupojasf.com.br\/promocoes-e-eventos\/wp-json\/wp\/v2\/product\/3548"}],"collection":[{"href":"https:\/\/grupojasf.com.br\/promocoes-e-eventos\/wp-json\/wp\/v2\/product"}],"about":[{"href":"https:\/\/grupojasf.com.br\/promocoes-e-eventos\/wp-json\/wp\/v2\/types\/product"}],"replies":[{"embeddable":true,"href":"https:\/\/grupojasf.com.br\/promocoes-e-eventos\/wp-json\/wp\/v2\/comments?post=3548"}],"wp:featuredmedia":[{"embeddable":true,"href":"https:\/\/grupojasf.com.br\/promocoes-e-eventos\/wp-json\/wp\/v2\/media\/3544"}],"wp:attachment":[{"href":"https:\/\/grupojasf.com.br\/promocoes-e-eventos\/wp-json\/wp\/v2\/media?parent=3548"}],"wp:term":[{"taxonomy":"product_cat","embeddable":true,"href":"https:\/\/grupojasf.com.br\/promocoes-e-eventos\/wp-json\/wp\/v2\/product_cat?post=3548"},{"taxonomy":"product_tag","embeddable":true,"href":"https:\/\/grupojasf.com.br\/promocoes-e-eventos\/wp-json\/wp\/v2\/product_tag?post=3548"}],"curies":[{"name":"wp","href":"https:\/\/api.w.org\/{rel}","templated":true}]}}