{"id":3551,"date":"2021-12-03T15:40:25","date_gmt":"2021-12-03T18:40:25","guid":{"rendered":"https:\/\/grupojasf.com.br\/promocoes-e-eventos\/novo\/produto\/banqueta-preta-alta-com-encosto\/"},"modified":"2021-12-21T19:00:31","modified_gmt":"2021-12-21T22:00:31","slug":"banqueta-preta-alta-com-encosto","status":"publish","type":"product","link":"https:\/\/grupojasf.com.br\/promocoes-e-eventos\/produto\/banqueta-preta-alta-com-encosto\/","title":{"rendered":"Banqueta Preta Alta com Encosto"},"content":{"rendered":"<p><strong>\u00a0<\/strong><\/p>\n<ul style=\"--awb-iconcolor:#aaaaaa;--awb-line-height:28.9px;--awb-icon-width:28.9px;--awb-icon-height:28.9px;--awb-icon-margin:11.9px;--awb-content-margin:40.8px;\" class=\"fusion-checklist fusion-checklist-1 fusion-checklist-default type-icons\"><\/p>\n<div id=\"secao-descricao\">\n<p>Banqueta Preta Alta com Encosto, estrutura em a\u00e7o carbono tubular de 3\/4 Polegadas x 0,75 mm, acabamento em pintura ep\u00f3xi Preto, assento em MDP 12mm, revestimento com espuma e acabamento em Courino Preto, com apoio para os p\u00e9s, garante praticidade e se adapta facilmente em qualquer ambiente, produto com alta resist\u00eancia, suporta at\u00e9 100kg.<\/p>\n<p><strong>Dimens\u00f5es\u00a0<\/strong>Altura Encosto aos P\u00e9s 97 cm Altura Assento aos P\u00e9s 70 cm Largura 36 cm Profundidade 35 cm\u00a0<strong>Sistema de Montagem\u00a0<\/strong>Parafusos.<\/p>\n<table width=\"100%\">\n<tbody>\n<tr class=\" odd\">\n<th class=\"strong\" width=\"45%\">Cor<\/th>\n<td width=\"55%\"><span class=\"dynamic_option_color\">Preto<\/span><\/td>\n<\/tr>\n<tr class=\" even\">\n<th class=\"strong\" width=\"45%\"><\/th>\n<td width=\"55%\"><\/td>\n<\/tr>\n<tr class=\" odd\">\n<th class=\"strong\" width=\"45%\">Instru\u00e7\u00f5es\/Cuidados<\/th>\n<td width=\"55%\"><span class=\"dynamic_option_product_instructions\">Limpar com pano seco para retirar o p\u00f3.\u00a0N\u00e3o aplicar produtos abrasivos.<\/span><\/td>\n<\/tr>\n<tr class=\" even\">\n<th class=\"strong\" width=\"45%\"><\/th>\n<td width=\"55%\"><\/td>\n<\/tr>\n<tr class=\" odd\">\n<th class=\"strong\" width=\"45%\">Modelo<\/th>\n<td width=\"55%\"><span class=\"dynamic_option_model\">BQ010<\/span><\/td>\n<\/tr>\n<tr class=\" even\">\n<th class=\"strong\" width=\"45%\">Material<\/th>\n<td width=\"55%\"><span class=\"dynamic_option_material\">A\u00e7o<\/span><\/td>\n<\/tr>\n<tr class=\" odd\">\n<th class=\"strong\" width=\"45%\">Descri\u00e7\u00e3o do Tamanho<\/th>\n<td width=\"55%\"><span class=\"dynamic_option_size_description\">Altura: 97 Largura: 36 Profundidade: 35 cm<\/span><\/td>\n<\/tr>\n<tr class=\" even\">\n<th class=\"strong\" width=\"45%\">Produto precisa de Montagem?<\/th>\n<td width=\"55%\"><span class=\"dynamic_option_assembly_required\">N\u00e3o<\/span><\/td>\n<\/tr>\n<tr class=\" odd\">\n<th class=\"strong\" width=\"45%\">Tipo do Encosto<\/th>\n<td width=\"55%\"><span class=\"dynamic_option_type_backrest_ch\">Fixo<\/span><\/td>\n<\/tr>\n<tr class=\" even\">\n<th class=\"strong\" width=\"45%\">Peso suportado (kg)<\/th>\n<td width=\"55%\"><span class=\"dynamic_option_recommended_weight_ch\">100<\/span><\/td>\n<\/tr>\n<tr class=\" odd\">\n<th class=\"strong\" width=\"45%\"><\/th>\n<td width=\"55%\"><\/td>\n<\/tr>\n<tr class=\" even\">\n<th class=\"strong\" width=\"45%\">Altura do assento at\u00e9 o ch\u00e3o (cm)<\/th>\n<td width=\"55%\"><span class=\"dynamic_option_seat_ground_height\">70<\/span><\/td>\n<\/tr>\n<tr class=\" odd\">\n<th class=\"strong\" width=\"45%\"><\/th>\n<td width=\"55%\"><\/td>\n<\/tr>\n<\/tbody>\n<\/table>\n<p><\/ul>\n<\/div>\n","protected":false},"excerpt":{"rendered":"[fusion_checklist icon=\"ok\" iconcolor=\"#aaaaaa\" circle=\"no\"]<\/p>\n<p>Banqueta Preta Alta com Encosto, estrutura em a\u00e7o carbono tubular de 3\/4 Polegadas x 0,75 mm, acabamento em pintura ep\u00f3xi Preto, assento em MDP 12mm, revestimento com espuma e acabamento em Courino Preto, com apoio para os p\u00e9s, garante praticidade e se adapta facilmente em qualquer ambiente, produto com alta resist\u00eancia, suporta at\u00e9 100kg.<\/p>\n<p>[\/fusion_checklist]\n","protected":false},"featured_media":3549,"comment_status":"closed","ping_status":"closed","template":"","meta":{"_bbp_topic_count":0,"_bbp_reply_count":0,"_bbp_total_topic_count":0,"_bbp_total_reply_count":0,"_bbp_voice_count":0,"_bbp_anonymous_reply_count":0,"_bbp_topic_count_hidden":0,"_bbp_reply_count_hidden":0,"_bbp_forum_subforum_count":0,"content-type":"","om_disable_all_campaigns":false,"_mi_skip_tracking":false,"_monsterinsights_sitenote_active":false,"_monsterinsights_sitenote_note":"","_monsterinsights_sitenote_category":0},"product_cat":[210,161],"product_tag":[109,162],"class_list":{"0":"post-3551","1":"product","2":"type-product","3":"status-publish","4":"has-post-thumbnail","6":"product_cat-aluguel-de-banquetas","7":"product_cat-mobiliario","8":"product_tag-banqueta","9":"product_tag-mobiliario","11":"first","12":"instock","13":"shipping-taxable","14":"purchasable","15":"product-type-simple"},"acf":[],"aioseo_notices":[],"yoast_head":"<!-- This site is optimized with the Yoast SEO plugin v21.9 - https:\/\/yoast.com\/wordpress\/plugins\/seo\/ -->\n<title>Banqueta Preta Alta com Encosto - JASF Promo\u00e7\u00f5es e Eventos<\/title>\n<meta name=\"robots\" content=\"index, follow, max-snippet:-1, max-image-preview:large, max-video-preview:-1\" \/>\n<link rel=\"canonical\" href=\"https:\/\/grupojasf.com.br\/promocoes-e-eventos\/produto\/banqueta-preta-alta-com-encosto\/\" \/>\n<meta property=\"og:locale\" content=\"pt_BR\" \/>\n<meta property=\"og:type\" content=\"article\" \/>\n<meta property=\"og:title\" content=\"Banqueta Preta Alta com Encosto - JASF Promo\u00e7\u00f5es e Eventos\" \/>\n<meta property=\"og:url\" content=\"https:\/\/grupojasf.com.br\/promocoes-e-eventos\/produto\/banqueta-preta-alta-com-encosto\/\" \/>\n<meta property=\"og:site_name\" content=\"JASF Promo\u00e7\u00f5es e Eventos\" \/>\n<meta property=\"article:modified_time\" content=\"2021-12-21T22:00:31+00:00\" \/>\n<meta property=\"og:image\" content=\"https:\/\/grupojasf.com.br\/promocoes-e-eventos\/wp-content\/uploads\/2021\/12\/Banqueta-alta-preta-jasf-eventos1.jpg\" \/>\n\t<meta property=\"og:image:width\" content=\"728\" \/>\n\t<meta property=\"og:image:height\" content=\"728\" \/>\n\t<meta property=\"og:image:type\" content=\"image\/jpeg\" \/>\n<meta name=\"twitter:card\" content=\"summary_large_image\" \/>\n<meta name=\"twitter:description\" content=\"[fusion_checklist icon=&quot;ok&quot; iconcolor=&quot;#aaaaaa&quot; circle=&quot;no&quot;]  Banqueta Preta Alta com Encosto, estrutura em a\u00e7o carbono tubular de 3\/4 Polegadas x 0,75 mm, acabamento em pintura ep\u00f3xi Preto, assento em MDP 12mm, revestimento com espuma e acabamento em Courino Preto, com apoio para os p\u00e9s, garante praticidade e se adapta facilmente em qualquer ambiente, produto com alta resist\u00eancia, suporta at\u00e9 100kg.  [\/fusion_checklist]\" \/>\n<meta name=\"twitter:label1\" content=\"Est. tempo de leitura\" \/>\n\t<meta name=\"twitter:data1\" content=\"1 minuto\" \/>\n<script type=\"application\/ld+json\" class=\"yoast-schema-graph\">{\"@context\":\"https:\/\/schema.org\",\"@graph\":[{\"@type\":\"WebPage\",\"@id\":\"https:\/\/grupojasf.com.br\/promocoes-e-eventos\/produto\/banqueta-preta-alta-com-encosto\/\",\"url\":\"https:\/\/grupojasf.com.br\/promocoes-e-eventos\/produto\/banqueta-preta-alta-com-encosto\/\",\"name\":\"Banqueta Preta Alta com Encosto - JASF Promo\u00e7\u00f5es e Eventos\",\"isPartOf\":{\"@id\":\"https:\/\/grupojasf.com.br\/promocoes-e-eventos\/#website\"},\"datePublished\":\"2021-12-03T18:40:25+00:00\",\"dateModified\":\"2021-12-21T22:00:31+00:00\",\"breadcrumb\":{\"@id\":\"https:\/\/grupojasf.com.br\/promocoes-e-eventos\/produto\/banqueta-preta-alta-com-encosto\/#breadcrumb\"},\"inLanguage\":\"pt-BR\",\"potentialAction\":[{\"@type\":\"ReadAction\",\"target\":[\"https:\/\/grupojasf.com.br\/promocoes-e-eventos\/produto\/banqueta-preta-alta-com-encosto\/\"]}]},{\"@type\":\"BreadcrumbList\",\"@id\":\"https:\/\/grupojasf.com.br\/promocoes-e-eventos\/produto\/banqueta-preta-alta-com-encosto\/#breadcrumb\",\"itemListElement\":[{\"@type\":\"ListItem\",\"position\":1,\"name\":\"Home\",\"item\":\"https:\/\/grupojasf.com.br\/promocoes-e-eventos\/\"},{\"@type\":\"ListItem\",\"position\":2,\"name\":\"Loja\",\"item\":\"https:\/\/grupojasf.com.br\/promocoes-e-eventos\/loja\/\"},{\"@type\":\"ListItem\",\"position\":3,\"name\":\"Banqueta Preta Alta com Encosto\"}]},{\"@type\":\"WebSite\",\"@id\":\"https:\/\/grupojasf.com.br\/promocoes-e-eventos\/#website\",\"url\":\"https:\/\/grupojasf.com.br\/promocoes-e-eventos\/\",\"name\":\"JASF Promo\u00e7\u00f5es e Eventos\",\"description\":\"Grupo Jasf\",\"potentialAction\":[{\"@type\":\"SearchAction\",\"target\":{\"@type\":\"EntryPoint\",\"urlTemplate\":\"https:\/\/grupojasf.com.br\/promocoes-e-eventos\/?s={search_term_string}\"},\"query-input\":\"required name=search_term_string\"}],\"inLanguage\":\"pt-BR\"}]}<\/script>\n<!-- \/ Yoast SEO plugin. -->","yoast_head_json":{"title":"Banqueta Preta Alta com Encosto - JASF Promo\u00e7\u00f5es e Eventos","robots":{"index":"index","follow":"follow","max-snippet":"max-snippet:-1","max-image-preview":"max-image-preview:large","max-video-preview":"max-video-preview:-1"},"canonical":"https:\/\/grupojasf.com.br\/promocoes-e-eventos\/produto\/banqueta-preta-alta-com-encosto\/","og_locale":"pt_BR","og_type":"article","og_title":"Banqueta Preta Alta com Encosto - JASF Promo\u00e7\u00f5es e Eventos","og_url":"https:\/\/grupojasf.com.br\/promocoes-e-eventos\/produto\/banqueta-preta-alta-com-encosto\/","og_site_name":"JASF Promo\u00e7\u00f5es e Eventos","article_modified_time":"2021-12-21T22:00:31+00:00","og_image":[{"width":728,"height":728,"url":"https:\/\/grupojasf.com.br\/promocoes-e-eventos\/wp-content\/uploads\/2021\/12\/Banqueta-alta-preta-jasf-eventos1.jpg","type":"image\/jpeg"}],"twitter_card":"summary_large_image","twitter_description":"[fusion_checklist icon=\"ok\" iconcolor=\"#aaaaaa\" circle=\"no\"]  Banqueta Preta Alta com Encosto, estrutura em a\u00e7o carbono tubular de 3\/4 Polegadas x 0,75 mm, acabamento em pintura ep\u00f3xi Preto, assento em MDP 12mm, revestimento com espuma e acabamento em Courino Preto, com apoio para os p\u00e9s, garante praticidade e se adapta facilmente em qualquer ambiente, produto com alta resist\u00eancia, suporta at\u00e9 100kg.  [\/fusion_checklist]","twitter_misc":{"Est. tempo de leitura":"1 minuto"},"schema":{"@context":"https:\/\/schema.org","@graph":[{"@type":"WebPage","@id":"https:\/\/grupojasf.com.br\/promocoes-e-eventos\/produto\/banqueta-preta-alta-com-encosto\/","url":"https:\/\/grupojasf.com.br\/promocoes-e-eventos\/produto\/banqueta-preta-alta-com-encosto\/","name":"Banqueta Preta Alta com Encosto - JASF Promo\u00e7\u00f5es e Eventos","isPartOf":{"@id":"https:\/\/grupojasf.com.br\/promocoes-e-eventos\/#website"},"datePublished":"2021-12-03T18:40:25+00:00","dateModified":"2021-12-21T22:00:31+00:00","breadcrumb":{"@id":"https:\/\/grupojasf.com.br\/promocoes-e-eventos\/produto\/banqueta-preta-alta-com-encosto\/#breadcrumb"},"inLanguage":"pt-BR","potentialAction":[{"@type":"ReadAction","target":["https:\/\/grupojasf.com.br\/promocoes-e-eventos\/produto\/banqueta-preta-alta-com-encosto\/"]}]},{"@type":"BreadcrumbList","@id":"https:\/\/grupojasf.com.br\/promocoes-e-eventos\/produto\/banqueta-preta-alta-com-encosto\/#breadcrumb","itemListElement":[{"@type":"ListItem","position":1,"name":"Home","item":"https:\/\/grupojasf.com.br\/promocoes-e-eventos\/"},{"@type":"ListItem","position":2,"name":"Loja","item":"https:\/\/grupojasf.com.br\/promocoes-e-eventos\/loja\/"},{"@type":"ListItem","position":3,"name":"Banqueta Preta Alta com Encosto"}]},{"@type":"WebSite","@id":"https:\/\/grupojasf.com.br\/promocoes-e-eventos\/#website","url":"https:\/\/grupojasf.com.br\/promocoes-e-eventos\/","name":"JASF Promo\u00e7\u00f5es e Eventos","description":"Grupo Jasf","potentialAction":[{"@type":"SearchAction","target":{"@type":"EntryPoint","urlTemplate":"https:\/\/grupojasf.com.br\/promocoes-e-eventos\/?s={search_term_string}"},"query-input":"required name=search_term_string"}],"inLanguage":"pt-BR"}]}},"_links":{"self":[{"href":"https:\/\/grupojasf.com.br\/promocoes-e-eventos\/wp-json\/wp\/v2\/product\/3551"}],"collection":[{"href":"https:\/\/grupojasf.com.br\/promocoes-e-eventos\/wp-json\/wp\/v2\/product"}],"about":[{"href":"https:\/\/grupojasf.com.br\/promocoes-e-eventos\/wp-json\/wp\/v2\/types\/product"}],"replies":[{"embeddable":true,"href":"https:\/\/grupojasf.com.br\/promocoes-e-eventos\/wp-json\/wp\/v2\/comments?post=3551"}],"wp:featuredmedia":[{"embeddable":true,"href":"https:\/\/grupojasf.com.br\/promocoes-e-eventos\/wp-json\/wp\/v2\/media\/3549"}],"wp:attachment":[{"href":"https:\/\/grupojasf.com.br\/promocoes-e-eventos\/wp-json\/wp\/v2\/media?parent=3551"}],"wp:term":[{"taxonomy":"product_cat","embeddable":true,"href":"https:\/\/grupojasf.com.br\/promocoes-e-eventos\/wp-json\/wp\/v2\/product_cat?post=3551"},{"taxonomy":"product_tag","embeddable":true,"href":"https:\/\/grupojasf.com.br\/promocoes-e-eventos\/wp-json\/wp\/v2\/product_tag?post=3551"}],"curies":[{"name":"wp","href":"https:\/\/api.w.org\/{rel}","templated":true}]}}