{"id":3569,"date":"2021-12-03T15:40:58","date_gmt":"2021-12-03T18:40:58","guid":{"rendered":"https:\/\/grupojasf.com.br\/promocoes-e-eventos\/novo\/produto\/mesa-lateral-forest-carvalho\/"},"modified":"2021-12-21T18:53:44","modified_gmt":"2021-12-21T21:53:44","slug":"mesa-lateral-forest-carvalho","status":"publish","type":"product","link":"https:\/\/grupojasf.com.br\/promocoes-e-eventos\/produto\/mesa-lateral-forest-carvalho\/","title":{"rendered":"Mesa Lateral Forest Carvalho"},"content":{"rendered":"<p><strong>\u00a0<\/strong><\/p>\n<ul style=\"--awb-iconcolor:#aaaaaa;--awb-line-height:28.9px;--awb-icon-width:28.9px;--awb-icon-height:28.9px;--awb-icon-margin:11.9px;--awb-content-margin:40.8px;\" class=\"fusion-checklist fusion-checklist-1 fusion-checklist-default type-icons\"><\/p>\n<div id=\"secao-descricao\">\n<p>A linha New Forest se destaca por seu estilo industrial que se inspira nas instala\u00e7\u00f5es de f\u00e1bricas das grandes cidades. Muito vers\u00e1til, esta mesa lateral pode ser utilizada como uma pe\u00e7a coringa em sua decora\u00e7\u00e3o. Ideal para os amantes dessa tend\u00eancia que mistura o r\u00fastico ao urbano, dando ainda mais personalidade ao seu espa\u00e7o. A sua estrutura \u00e9 feita em tamburato com acabamento em revestimento melam\u00ednico e os p\u00e9s s\u00e3o de a\u00e7o carbono com pintura ep\u00f3xi na cor preta.<\/p>\n<table class=\"table table-striped\">\n<thead>\n<tr>\n<th class=\"description-prod-title\">Caracter\u00edsticas<\/th>\n<th><\/th>\n<\/tr>\n<\/thead>\n<tbody id=\"tableDescription\" class=\"collapse in\">\n<tr>\n<td>Estrutura<\/td>\n<td>Tampo MDP Reengrossado Espessura Final 48mm \/ P\u00e9 A\u00e7o<\/td>\n<\/tr>\n<tr>\n<td>Acabamento<\/td>\n<td>Canion R\u00fastico \/ Preto<\/td>\n<\/tr>\n<tr>\n<td>Escala de Brilho<\/td>\n<td>MDP Fosco \/ P\u00e9 A\u00e7o Semi Brilho<\/td>\n<\/tr>\n<tr>\n<td>Material Principal<\/td>\n<td>MDP<\/td>\n<\/tr>\n<tr>\n<td>Formato da Mesa<\/td>\n<td>Quadrada<\/td>\n<\/tr>\n<tr>\n<td>Quantidade de P\u00e9s<\/td>\n<td>4<\/td>\n<\/tr>\n<tr>\n<td>Formato dos P\u00e9s<\/td>\n<td>Retangular<\/td>\n<\/tr>\n<tr>\n<td>Material dos P\u00e9s<\/td>\n<td>A\u00e7o<\/td>\n<\/tr>\n<tr>\n<td>Sistema de Montagem<\/td>\n<td>Parafuso<\/td>\n<\/tr>\n<tr>\n<td>Nivel de Montagem<\/td>\n<td>F\u00e1cil<\/td>\n<\/tr>\n<tr>\n<td>Para Uso em \u00c1rea Externa<\/td>\n<td>N\u00e3o<\/td>\n<\/tr>\n<tr>\n<td>Carga M\u00e1xima Suportada<\/td>\n<td>20<\/td>\n<\/tr>\n<tr>\n<td>Cor do Produto<\/td>\n<td>Carvalho e Marrom<\/td>\n<\/tr>\n<tr>\n<td>Dimens\u00e3o<\/td>\n<td>60 cm x 55 cm x 55 cm<\/td>\n<\/tr>\n<\/tbody>\n<\/table>\n<p><\/ul>\n<\/div>\n","protected":false},"excerpt":{"rendered":"[fusion_checklist icon=\"ok\" iconcolor=\"#aaaaaa\" circle=\"no\"]<\/p>\n<p>A linha New Forest se destaca por seu estilo industrial que se inspira nas instala\u00e7\u00f5es de f\u00e1bricas das grandes cidades. Muito vers\u00e1til, esta mesa lateral pode ser utilizada como uma pe\u00e7a coringa em sua decora\u00e7\u00e3o. Ideal para os amantes dessa tend\u00eancia que mistura o r\u00fastico ao urbano, dando ainda mais personalidade ao seu espa\u00e7o. A sua estrutura \u00e9 feita em tamburato com acabamento em revestimento melam\u00ednico e os p\u00e9s s\u00e3o de a\u00e7o carbono com pintura ep\u00f3xi na cor preta.<\/p>\n<p>[\/fusion_checklist]\n","protected":false},"featured_media":3568,"comment_status":"closed","ping_status":"closed","template":"","meta":{"_bbp_topic_count":0,"_bbp_reply_count":0,"_bbp_total_topic_count":0,"_bbp_total_reply_count":0,"_bbp_voice_count":0,"_bbp_anonymous_reply_count":0,"_bbp_topic_count_hidden":0,"_bbp_reply_count_hidden":0,"_bbp_forum_subforum_count":0,"content-type":"","om_disable_all_campaigns":false,"_mi_skip_tracking":false,"_monsterinsights_sitenote_active":false,"_monsterinsights_sitenote_note":"","_monsterinsights_sitenote_category":0},"product_cat":[214,216,161],"product_tag":[160,162],"class_list":{"0":"post-3569","1":"product","2":"type-product","3":"status-publish","4":"has-post-thumbnail","6":"product_cat-aluguel-de-mesas","7":"product_cat-aluguel-de-mesas-laterais-e-de-entrada","8":"product_cat-mobiliario","9":"product_tag-mesa","10":"product_tag-mobiliario","12":"first","13":"instock","14":"shipping-taxable","15":"purchasable","16":"product-type-simple"},"acf":[],"aioseo_notices":[],"yoast_head":"<!-- This site is optimized with the Yoast SEO plugin v21.9 - https:\/\/yoast.com\/wordpress\/plugins\/seo\/ -->\n<title>Mesa Lateral Forest Carvalho - JASF Promo\u00e7\u00f5es e Eventos<\/title>\n<meta name=\"robots\" content=\"index, follow, max-snippet:-1, max-image-preview:large, max-video-preview:-1\" \/>\n<link rel=\"canonical\" href=\"https:\/\/grupojasf.com.br\/promocoes-e-eventos\/produto\/mesa-lateral-forest-carvalho\/\" \/>\n<meta property=\"og:locale\" content=\"pt_BR\" \/>\n<meta property=\"og:type\" content=\"article\" \/>\n<meta property=\"og:title\" content=\"Mesa Lateral Forest Carvalho - JASF Promo\u00e7\u00f5es e Eventos\" \/>\n<meta property=\"og:url\" content=\"https:\/\/grupojasf.com.br\/promocoes-e-eventos\/produto\/mesa-lateral-forest-carvalho\/\" \/>\n<meta property=\"og:site_name\" content=\"JASF Promo\u00e7\u00f5es e Eventos\" \/>\n<meta property=\"article:modified_time\" content=\"2021-12-21T21:53:44+00:00\" \/>\n<meta property=\"og:image\" content=\"https:\/\/grupojasf.com.br\/promocoes-e-eventos\/wp-content\/uploads\/2021\/12\/52965.jpg\" \/>\n\t<meta property=\"og:image:width\" content=\"1080\" \/>\n\t<meta property=\"og:image:height\" content=\"1440\" \/>\n\t<meta property=\"og:image:type\" content=\"image\/jpeg\" \/>\n<meta name=\"twitter:card\" content=\"summary_large_image\" \/>\n<meta name=\"twitter:description\" content=\"[fusion_checklist icon=&quot;ok&quot; iconcolor=&quot;#aaaaaa&quot; circle=&quot;no&quot;]  A linha New Forest se destaca por seu estilo industrial que se inspira nas instala\u00e7\u00f5es de f\u00e1bricas das grandes cidades. Muito vers\u00e1til, esta mesa lateral pode ser utilizada como uma pe\u00e7a coringa em sua decora\u00e7\u00e3o. Ideal para os amantes dessa tend\u00eancia que mistura o r\u00fastico ao urbano, dando ainda mais personalidade ao seu espa\u00e7o. A sua estrutura \u00e9 feita em tamburato com acabamento em revestimento melam\u00ednico e os p\u00e9s s\u00e3o de a\u00e7o carbono com pintura ep\u00f3xi na cor preta.  [\/fusion_checklist]\" \/>\n<meta name=\"twitter:label1\" content=\"Est. tempo de leitura\" \/>\n\t<meta name=\"twitter:data1\" content=\"1 minuto\" \/>\n<script type=\"application\/ld+json\" class=\"yoast-schema-graph\">{\"@context\":\"https:\/\/schema.org\",\"@graph\":[{\"@type\":\"WebPage\",\"@id\":\"https:\/\/grupojasf.com.br\/promocoes-e-eventos\/produto\/mesa-lateral-forest-carvalho\/\",\"url\":\"https:\/\/grupojasf.com.br\/promocoes-e-eventos\/produto\/mesa-lateral-forest-carvalho\/\",\"name\":\"Mesa Lateral Forest Carvalho - JASF Promo\u00e7\u00f5es e Eventos\",\"isPartOf\":{\"@id\":\"https:\/\/grupojasf.com.br\/promocoes-e-eventos\/#website\"},\"datePublished\":\"2021-12-03T18:40:58+00:00\",\"dateModified\":\"2021-12-21T21:53:44+00:00\",\"breadcrumb\":{\"@id\":\"https:\/\/grupojasf.com.br\/promocoes-e-eventos\/produto\/mesa-lateral-forest-carvalho\/#breadcrumb\"},\"inLanguage\":\"pt-BR\",\"potentialAction\":[{\"@type\":\"ReadAction\",\"target\":[\"https:\/\/grupojasf.com.br\/promocoes-e-eventos\/produto\/mesa-lateral-forest-carvalho\/\"]}]},{\"@type\":\"BreadcrumbList\",\"@id\":\"https:\/\/grupojasf.com.br\/promocoes-e-eventos\/produto\/mesa-lateral-forest-carvalho\/#breadcrumb\",\"itemListElement\":[{\"@type\":\"ListItem\",\"position\":1,\"name\":\"Home\",\"item\":\"https:\/\/grupojasf.com.br\/promocoes-e-eventos\/\"},{\"@type\":\"ListItem\",\"position\":2,\"name\":\"Loja\",\"item\":\"https:\/\/grupojasf.com.br\/promocoes-e-eventos\/loja\/\"},{\"@type\":\"ListItem\",\"position\":3,\"name\":\"Mesa Lateral Forest Carvalho\"}]},{\"@type\":\"WebSite\",\"@id\":\"https:\/\/grupojasf.com.br\/promocoes-e-eventos\/#website\",\"url\":\"https:\/\/grupojasf.com.br\/promocoes-e-eventos\/\",\"name\":\"JASF Promo\u00e7\u00f5es e Eventos\",\"description\":\"Grupo Jasf\",\"potentialAction\":[{\"@type\":\"SearchAction\",\"target\":{\"@type\":\"EntryPoint\",\"urlTemplate\":\"https:\/\/grupojasf.com.br\/promocoes-e-eventos\/?s={search_term_string}\"},\"query-input\":\"required name=search_term_string\"}],\"inLanguage\":\"pt-BR\"}]}<\/script>\n<!-- \/ Yoast SEO plugin. -->","yoast_head_json":{"title":"Mesa Lateral Forest Carvalho - JASF Promo\u00e7\u00f5es e Eventos","robots":{"index":"index","follow":"follow","max-snippet":"max-snippet:-1","max-image-preview":"max-image-preview:large","max-video-preview":"max-video-preview:-1"},"canonical":"https:\/\/grupojasf.com.br\/promocoes-e-eventos\/produto\/mesa-lateral-forest-carvalho\/","og_locale":"pt_BR","og_type":"article","og_title":"Mesa Lateral Forest Carvalho - JASF Promo\u00e7\u00f5es e Eventos","og_url":"https:\/\/grupojasf.com.br\/promocoes-e-eventos\/produto\/mesa-lateral-forest-carvalho\/","og_site_name":"JASF Promo\u00e7\u00f5es e Eventos","article_modified_time":"2021-12-21T21:53:44+00:00","og_image":[{"width":1080,"height":1440,"url":"https:\/\/grupojasf.com.br\/promocoes-e-eventos\/wp-content\/uploads\/2021\/12\/52965.jpg","type":"image\/jpeg"}],"twitter_card":"summary_large_image","twitter_description":"[fusion_checklist icon=\"ok\" iconcolor=\"#aaaaaa\" circle=\"no\"]  A linha New Forest se destaca por seu estilo industrial que se inspira nas instala\u00e7\u00f5es de f\u00e1bricas das grandes cidades. Muito vers\u00e1til, esta mesa lateral pode ser utilizada como uma pe\u00e7a coringa em sua decora\u00e7\u00e3o. Ideal para os amantes dessa tend\u00eancia que mistura o r\u00fastico ao urbano, dando ainda mais personalidade ao seu espa\u00e7o. A sua estrutura \u00e9 feita em tamburato com acabamento em revestimento melam\u00ednico e os p\u00e9s s\u00e3o de a\u00e7o carbono com pintura ep\u00f3xi na cor preta.  [\/fusion_checklist]","twitter_misc":{"Est. tempo de leitura":"1 minuto"},"schema":{"@context":"https:\/\/schema.org","@graph":[{"@type":"WebPage","@id":"https:\/\/grupojasf.com.br\/promocoes-e-eventos\/produto\/mesa-lateral-forest-carvalho\/","url":"https:\/\/grupojasf.com.br\/promocoes-e-eventos\/produto\/mesa-lateral-forest-carvalho\/","name":"Mesa Lateral Forest Carvalho - JASF Promo\u00e7\u00f5es e Eventos","isPartOf":{"@id":"https:\/\/grupojasf.com.br\/promocoes-e-eventos\/#website"},"datePublished":"2021-12-03T18:40:58+00:00","dateModified":"2021-12-21T21:53:44+00:00","breadcrumb":{"@id":"https:\/\/grupojasf.com.br\/promocoes-e-eventos\/produto\/mesa-lateral-forest-carvalho\/#breadcrumb"},"inLanguage":"pt-BR","potentialAction":[{"@type":"ReadAction","target":["https:\/\/grupojasf.com.br\/promocoes-e-eventos\/produto\/mesa-lateral-forest-carvalho\/"]}]},{"@type":"BreadcrumbList","@id":"https:\/\/grupojasf.com.br\/promocoes-e-eventos\/produto\/mesa-lateral-forest-carvalho\/#breadcrumb","itemListElement":[{"@type":"ListItem","position":1,"name":"Home","item":"https:\/\/grupojasf.com.br\/promocoes-e-eventos\/"},{"@type":"ListItem","position":2,"name":"Loja","item":"https:\/\/grupojasf.com.br\/promocoes-e-eventos\/loja\/"},{"@type":"ListItem","position":3,"name":"Mesa Lateral Forest Carvalho"}]},{"@type":"WebSite","@id":"https:\/\/grupojasf.com.br\/promocoes-e-eventos\/#website","url":"https:\/\/grupojasf.com.br\/promocoes-e-eventos\/","name":"JASF Promo\u00e7\u00f5es e Eventos","description":"Grupo Jasf","potentialAction":[{"@type":"SearchAction","target":{"@type":"EntryPoint","urlTemplate":"https:\/\/grupojasf.com.br\/promocoes-e-eventos\/?s={search_term_string}"},"query-input":"required name=search_term_string"}],"inLanguage":"pt-BR"}]}},"_links":{"self":[{"href":"https:\/\/grupojasf.com.br\/promocoes-e-eventos\/wp-json\/wp\/v2\/product\/3569"}],"collection":[{"href":"https:\/\/grupojasf.com.br\/promocoes-e-eventos\/wp-json\/wp\/v2\/product"}],"about":[{"href":"https:\/\/grupojasf.com.br\/promocoes-e-eventos\/wp-json\/wp\/v2\/types\/product"}],"replies":[{"embeddable":true,"href":"https:\/\/grupojasf.com.br\/promocoes-e-eventos\/wp-json\/wp\/v2\/comments?post=3569"}],"wp:featuredmedia":[{"embeddable":true,"href":"https:\/\/grupojasf.com.br\/promocoes-e-eventos\/wp-json\/wp\/v2\/media\/3568"}],"wp:attachment":[{"href":"https:\/\/grupojasf.com.br\/promocoes-e-eventos\/wp-json\/wp\/v2\/media?parent=3569"}],"wp:term":[{"taxonomy":"product_cat","embeddable":true,"href":"https:\/\/grupojasf.com.br\/promocoes-e-eventos\/wp-json\/wp\/v2\/product_cat?post=3569"},{"taxonomy":"product_tag","embeddable":true,"href":"https:\/\/grupojasf.com.br\/promocoes-e-eventos\/wp-json\/wp\/v2\/product_tag?post=3569"}],"curies":[{"name":"wp","href":"https:\/\/api.w.org\/{rel}","templated":true}]}}