{"id":3592,"date":"2021-12-03T15:41:25","date_gmt":"2021-12-03T18:41:25","guid":{"rendered":"https:\/\/grupojasf.com.br\/promocoes-e-eventos\/novo\/produto\/arara-regulavel\/"},"modified":"2021-12-21T18:40:57","modified_gmt":"2021-12-21T21:40:57","slug":"arara-regulavel","status":"publish","type":"product","link":"https:\/\/grupojasf.com.br\/promocoes-e-eventos\/produto\/arara-regulavel\/","title":{"rendered":"Arara Regul\u00e1vel"},"content":{"rendered":"<p><strong>\u00a0<\/strong><\/p>\n<ul style=\"--awb-iconcolor:#aaaaaa;--awb-line-height:28.9px;--awb-icon-width:28.9px;--awb-icon-height:28.9px;--awb-icon-margin:11.9px;--awb-content-margin:40.8px;\" class=\"fusion-checklist fusion-checklist-1 fusion-checklist-default type-icons\"><\/p>\n<div id=\"secao-descricao\">\n<p>\u00a0 \u00a0 <strong>\u00a0 \u00a0\u00a0<\/strong><\/p>\n<p>Com esta\u00a0<b>Arara Regul\u00e1vel<\/b>, as suas roupas n\u00e3o ficaram mais jogadas no seu quarto. Desmontado, a\u00a0<b>Arara Regul\u00e1vel <\/b>vem com manual de montagem para facilitar na identifica\u00e7\u00e3o das pe\u00e7as para n\u00e3o confundir na hora de encaixar.<br \/>\nCom o seu\u00a0<b>ajuste de altura<\/b>, Ela facilita no pendurar de roupas para todos os tamanhos, de cal\u00e7as e bermudas, at\u00e9 vestidos longos.<br \/>\nSua estrutura pode suportar at\u00e9\u00a0<b>10 kg<\/b>\u00a0no total, deixando o ambiente mais organizado e sempre ter em m\u00e3os mais op\u00e7\u00f5es de roupas a disposi\u00e7\u00e3o.<br \/>\nNa sua base, ainda, tem espa\u00e7o para deixar seus sapatos ou t\u00eanis.<br \/>\nCaso tenha que mover os m\u00f3veis de lugar para uma limpeza ou arruma\u00e7\u00e3o, ou at\u00e9 para a mudan\u00e7a, a\u00a0<b>Arara Regul\u00e1vel <\/b>pode ser desmontada facilmente e depois remontada, sem prejudicar sua estrutura ou pode ser movimentada com os rod\u00edzios, facilitando o transporte.<\/p>\n<p><\/ul>\n<\/div>\n","protected":false},"excerpt":{"rendered":"[fusion_checklist icon=\"ok\" iconcolor=\"#aaaaaa\" circle=\"no\"]<\/p>\n<p>Com esta\u00a0<b>Arara Regul\u00e1vel<\/b>, as suas roupas n\u00e3o ficaram mais jogadas no seu quarto. Desmontado, a\u00a0<b>Arara Regul\u00e1vel <\/b>vem com manual de montagem para facilitar na identifica\u00e7\u00e3o das pe\u00e7as para n\u00e3o confundir na hora de encaixar.<\/p>\n<p>[\/fusion_checklist]\n","protected":false},"featured_media":3591,"comment_status":"closed","ping_status":"closed","template":"","meta":{"_bbp_topic_count":0,"_bbp_reply_count":0,"_bbp_total_topic_count":0,"_bbp_total_reply_count":0,"_bbp_voice_count":0,"_bbp_anonymous_reply_count":0,"_bbp_topic_count_hidden":0,"_bbp_reply_count_hidden":0,"_bbp_forum_subforum_count":0,"content-type":"","om_disable_all_campaigns":false,"_mi_skip_tracking":false,"_monsterinsights_sitenote_active":false,"_monsterinsights_sitenote_note":"","_monsterinsights_sitenote_category":0},"product_cat":[207,161],"product_tag":[100],"class_list":{"0":"post-3592","1":"product","2":"type-product","3":"status-publish","4":"has-post-thumbnail","6":"product_cat-aluguel-de-acessorios","7":"product_cat-mobiliario","8":"product_tag-acessorios","10":"first","11":"instock","12":"shipping-taxable","13":"purchasable","14":"product-type-simple"},"acf":[],"aioseo_notices":[],"yoast_head":"<!-- This site is optimized with the Yoast SEO plugin v21.9 - https:\/\/yoast.com\/wordpress\/plugins\/seo\/ -->\n<title>Arara Regul\u00e1vel - JASF Promo\u00e7\u00f5es e Eventos<\/title>\n<meta name=\"robots\" content=\"index, follow, max-snippet:-1, max-image-preview:large, max-video-preview:-1\" \/>\n<link rel=\"canonical\" href=\"https:\/\/grupojasf.com.br\/promocoes-e-eventos\/produto\/arara-regulavel\/\" \/>\n<meta property=\"og:locale\" content=\"pt_BR\" \/>\n<meta property=\"og:type\" content=\"article\" \/>\n<meta property=\"og:title\" content=\"Arara Regul\u00e1vel - JASF Promo\u00e7\u00f5es e Eventos\" \/>\n<meta property=\"og:url\" content=\"https:\/\/grupojasf.com.br\/promocoes-e-eventos\/produto\/arara-regulavel\/\" \/>\n<meta property=\"og:site_name\" content=\"JASF Promo\u00e7\u00f5es e Eventos\" \/>\n<meta property=\"article:modified_time\" content=\"2021-12-21T21:40:57+00:00\" \/>\n<meta property=\"og:image\" content=\"https:\/\/grupojasf.com.br\/promocoes-e-eventos\/wp-content\/uploads\/2021\/12\/55932.jpg\" \/>\n\t<meta property=\"og:image:width\" content=\"430\" \/>\n\t<meta property=\"og:image:height\" content=\"440\" \/>\n\t<meta property=\"og:image:type\" content=\"image\/jpeg\" \/>\n<meta name=\"twitter:card\" content=\"summary_large_image\" \/>\n<meta name=\"twitter:description\" content=\"[fusion_checklist icon=&quot;ok&quot; iconcolor=&quot;#aaaaaa&quot; circle=&quot;no&quot;]  Com esta\u00a0Arara Regul\u00e1vel, as suas roupas n\u00e3o ficaram mais jogadas no seu quarto. Desmontado, a\u00a0Arara Regul\u00e1vel vem com manual de montagem para facilitar na identifica\u00e7\u00e3o das pe\u00e7as para n\u00e3o confundir na hora de encaixar.  [\/fusion_checklist]\" \/>\n<meta name=\"twitter:label1\" content=\"Est. tempo de leitura\" \/>\n\t<meta name=\"twitter:data1\" content=\"1 minuto\" \/>\n<script type=\"application\/ld+json\" class=\"yoast-schema-graph\">{\"@context\":\"https:\/\/schema.org\",\"@graph\":[{\"@type\":\"WebPage\",\"@id\":\"https:\/\/grupojasf.com.br\/promocoes-e-eventos\/produto\/arara-regulavel\/\",\"url\":\"https:\/\/grupojasf.com.br\/promocoes-e-eventos\/produto\/arara-regulavel\/\",\"name\":\"Arara Regul\u00e1vel - JASF Promo\u00e7\u00f5es e Eventos\",\"isPartOf\":{\"@id\":\"https:\/\/grupojasf.com.br\/promocoes-e-eventos\/#website\"},\"datePublished\":\"2021-12-03T18:41:25+00:00\",\"dateModified\":\"2021-12-21T21:40:57+00:00\",\"breadcrumb\":{\"@id\":\"https:\/\/grupojasf.com.br\/promocoes-e-eventos\/produto\/arara-regulavel\/#breadcrumb\"},\"inLanguage\":\"pt-BR\",\"potentialAction\":[{\"@type\":\"ReadAction\",\"target\":[\"https:\/\/grupojasf.com.br\/promocoes-e-eventos\/produto\/arara-regulavel\/\"]}]},{\"@type\":\"BreadcrumbList\",\"@id\":\"https:\/\/grupojasf.com.br\/promocoes-e-eventos\/produto\/arara-regulavel\/#breadcrumb\",\"itemListElement\":[{\"@type\":\"ListItem\",\"position\":1,\"name\":\"Home\",\"item\":\"https:\/\/grupojasf.com.br\/promocoes-e-eventos\/\"},{\"@type\":\"ListItem\",\"position\":2,\"name\":\"Loja\",\"item\":\"https:\/\/grupojasf.com.br\/promocoes-e-eventos\/loja\/\"},{\"@type\":\"ListItem\",\"position\":3,\"name\":\"Arara Regul\u00e1vel\"}]},{\"@type\":\"WebSite\",\"@id\":\"https:\/\/grupojasf.com.br\/promocoes-e-eventos\/#website\",\"url\":\"https:\/\/grupojasf.com.br\/promocoes-e-eventos\/\",\"name\":\"JASF Promo\u00e7\u00f5es e Eventos\",\"description\":\"Grupo Jasf\",\"potentialAction\":[{\"@type\":\"SearchAction\",\"target\":{\"@type\":\"EntryPoint\",\"urlTemplate\":\"https:\/\/grupojasf.com.br\/promocoes-e-eventos\/?s={search_term_string}\"},\"query-input\":\"required name=search_term_string\"}],\"inLanguage\":\"pt-BR\"}]}<\/script>\n<!-- \/ Yoast SEO plugin. -->","yoast_head_json":{"title":"Arara Regul\u00e1vel - JASF Promo\u00e7\u00f5es e Eventos","robots":{"index":"index","follow":"follow","max-snippet":"max-snippet:-1","max-image-preview":"max-image-preview:large","max-video-preview":"max-video-preview:-1"},"canonical":"https:\/\/grupojasf.com.br\/promocoes-e-eventos\/produto\/arara-regulavel\/","og_locale":"pt_BR","og_type":"article","og_title":"Arara Regul\u00e1vel - JASF Promo\u00e7\u00f5es e Eventos","og_url":"https:\/\/grupojasf.com.br\/promocoes-e-eventos\/produto\/arara-regulavel\/","og_site_name":"JASF Promo\u00e7\u00f5es e Eventos","article_modified_time":"2021-12-21T21:40:57+00:00","og_image":[{"width":430,"height":440,"url":"https:\/\/grupojasf.com.br\/promocoes-e-eventos\/wp-content\/uploads\/2021\/12\/55932.jpg","type":"image\/jpeg"}],"twitter_card":"summary_large_image","twitter_description":"[fusion_checklist icon=\"ok\" iconcolor=\"#aaaaaa\" circle=\"no\"]  Com esta\u00a0Arara Regul\u00e1vel, as suas roupas n\u00e3o ficaram mais jogadas no seu quarto. Desmontado, a\u00a0Arara Regul\u00e1vel vem com manual de montagem para facilitar na identifica\u00e7\u00e3o das pe\u00e7as para n\u00e3o confundir na hora de encaixar.  [\/fusion_checklist]","twitter_misc":{"Est. tempo de leitura":"1 minuto"},"schema":{"@context":"https:\/\/schema.org","@graph":[{"@type":"WebPage","@id":"https:\/\/grupojasf.com.br\/promocoes-e-eventos\/produto\/arara-regulavel\/","url":"https:\/\/grupojasf.com.br\/promocoes-e-eventos\/produto\/arara-regulavel\/","name":"Arara Regul\u00e1vel - JASF Promo\u00e7\u00f5es e Eventos","isPartOf":{"@id":"https:\/\/grupojasf.com.br\/promocoes-e-eventos\/#website"},"datePublished":"2021-12-03T18:41:25+00:00","dateModified":"2021-12-21T21:40:57+00:00","breadcrumb":{"@id":"https:\/\/grupojasf.com.br\/promocoes-e-eventos\/produto\/arara-regulavel\/#breadcrumb"},"inLanguage":"pt-BR","potentialAction":[{"@type":"ReadAction","target":["https:\/\/grupojasf.com.br\/promocoes-e-eventos\/produto\/arara-regulavel\/"]}]},{"@type":"BreadcrumbList","@id":"https:\/\/grupojasf.com.br\/promocoes-e-eventos\/produto\/arara-regulavel\/#breadcrumb","itemListElement":[{"@type":"ListItem","position":1,"name":"Home","item":"https:\/\/grupojasf.com.br\/promocoes-e-eventos\/"},{"@type":"ListItem","position":2,"name":"Loja","item":"https:\/\/grupojasf.com.br\/promocoes-e-eventos\/loja\/"},{"@type":"ListItem","position":3,"name":"Arara Regul\u00e1vel"}]},{"@type":"WebSite","@id":"https:\/\/grupojasf.com.br\/promocoes-e-eventos\/#website","url":"https:\/\/grupojasf.com.br\/promocoes-e-eventos\/","name":"JASF Promo\u00e7\u00f5es e Eventos","description":"Grupo Jasf","potentialAction":[{"@type":"SearchAction","target":{"@type":"EntryPoint","urlTemplate":"https:\/\/grupojasf.com.br\/promocoes-e-eventos\/?s={search_term_string}"},"query-input":"required name=search_term_string"}],"inLanguage":"pt-BR"}]}},"_links":{"self":[{"href":"https:\/\/grupojasf.com.br\/promocoes-e-eventos\/wp-json\/wp\/v2\/product\/3592"}],"collection":[{"href":"https:\/\/grupojasf.com.br\/promocoes-e-eventos\/wp-json\/wp\/v2\/product"}],"about":[{"href":"https:\/\/grupojasf.com.br\/promocoes-e-eventos\/wp-json\/wp\/v2\/types\/product"}],"replies":[{"embeddable":true,"href":"https:\/\/grupojasf.com.br\/promocoes-e-eventos\/wp-json\/wp\/v2\/comments?post=3592"}],"wp:featuredmedia":[{"embeddable":true,"href":"https:\/\/grupojasf.com.br\/promocoes-e-eventos\/wp-json\/wp\/v2\/media\/3591"}],"wp:attachment":[{"href":"https:\/\/grupojasf.com.br\/promocoes-e-eventos\/wp-json\/wp\/v2\/media?parent=3592"}],"wp:term":[{"taxonomy":"product_cat","embeddable":true,"href":"https:\/\/grupojasf.com.br\/promocoes-e-eventos\/wp-json\/wp\/v2\/product_cat?post=3592"},{"taxonomy":"product_tag","embeddable":true,"href":"https:\/\/grupojasf.com.br\/promocoes-e-eventos\/wp-json\/wp\/v2\/product_tag?post=3592"}],"curies":[{"name":"wp","href":"https:\/\/api.w.org\/{rel}","templated":true}]}}