{"id":728,"date":"2020-07-30T16:55:19","date_gmt":"2020-07-30T19:55:19","guid":{"rendered":"https:\/\/grupojasf.com.br\/promocoes-e-eventos\/?post_type=product&#038;p=728"},"modified":"2021-12-21T19:19:00","modified_gmt":"2021-12-21T22:19:00","slug":"trilhos-de-3m-branco","status":"publish","type":"product","link":"https:\/\/grupojasf.com.br\/promocoes-e-eventos\/produto\/trilhos-de-3m-branco\/","title":{"rendered":"Trilhos de 3m Branco"},"content":{"rendered":"<p><strong>\u00a0<\/strong><\/p>\n<ul style=\"--awb-iconcolor:#aaaaaa;--awb-line-height:28.9px;--awb-icon-width:28.9px;--awb-icon-height:28.9px;--awb-icon-margin:11.9px;--awb-content-margin:40.8px;\" class=\"fusion-checklist fusion-checklist-1 fusion-checklist-default type-icons\"><\/p>\n<div id=\"secao-descricao\">\n<p>Essa mistura n\u00e3o ofusca e torna o espa\u00e7o mais aconchegante. A ideia \u00e9 fazer um jogo de cenas, criando diferentes ambienta\u00e7\u00f5es, combinando os pontos de luminosidade direta e os pontos de ilumina\u00e7\u00e3o indireta.<\/p>\n<p>Invista na decora\u00e7\u00e3o intimista. Ela certamente trar\u00e1 um clima mais aconchegante e confort\u00e1vel para seu ambiente.<\/p>\n<p>Caracter\u00edsticas:<br \/>\n&#8211; 6 barras com 50cm que juntas formam 3 metros;<br \/>\n&#8211; Spots GU10 Led 7W inclusos;<br \/>\n&#8211; Temperatura de Cor \u2013 6.000K Branco Frio;<br \/>\n&#8211; Bivolt;<\/p>\n<p><\/ul>\n<p>&nbsp;<\/p>\n<\/div>\n","protected":false},"excerpt":{"rendered":"[fusion_checklist icon=\"ok\" iconcolor=\"#aaaaaa\" circle=\"no\"]<\/p>\n<p><strong>\u00a0<\/strong><em>Essa mistura n\u00e3o ofusca e torna o espa\u00e7o mais aconchegante. A ideia \u00e9 fazer um jogo de cenas, criando diferentes ambienta\u00e7\u00f5es, combinando os pontos de luminosidade direta e os pontos de ilumina\u00e7\u00e3o indireta.<\/em><\/p>\n<p>&nbsp;<\/p>\n<p>[\/fusion_checklist]\n","protected":false},"featured_media":2550,"comment_status":"closed","ping_status":"closed","template":"","meta":{"_bbp_topic_count":0,"_bbp_reply_count":0,"_bbp_total_topic_count":0,"_bbp_total_reply_count":0,"_bbp_voice_count":0,"_bbp_anonymous_reply_count":0,"_bbp_topic_count_hidden":0,"_bbp_reply_count_hidden":0,"_bbp_forum_subforum_count":0,"content-type":"","om_disable_all_campaigns":false,"_mi_skip_tracking":false,"_monsterinsights_sitenote_active":false,"_monsterinsights_sitenote_note":"","_monsterinsights_sitenote_category":0},"product_cat":[207,161],"product_tag":[100],"class_list":{"0":"post-728","1":"product","2":"type-product","3":"status-publish","4":"has-post-thumbnail","6":"product_cat-aluguel-de-acessorios","7":"product_cat-mobiliario","8":"product_tag-acessorios","10":"first","11":"instock","12":"shipping-taxable","13":"purchasable","14":"product-type-simple"},"acf":[],"aioseo_notices":[],"yoast_head":"<!-- This site is optimized with the Yoast SEO plugin v21.9 - https:\/\/yoast.com\/wordpress\/plugins\/seo\/ -->\n<title>Trilhos de 3m Branco - JASF Promo\u00e7\u00f5es e Eventos<\/title>\n<meta name=\"robots\" content=\"index, follow, max-snippet:-1, max-image-preview:large, max-video-preview:-1\" \/>\n<link rel=\"canonical\" href=\"https:\/\/grupojasf.com.br\/promocoes-e-eventos\/produto\/trilhos-de-3m-branco\/\" \/>\n<meta property=\"og:locale\" content=\"pt_BR\" \/>\n<meta property=\"og:type\" content=\"article\" \/>\n<meta property=\"og:title\" content=\"Trilhos de 3m Branco - JASF Promo\u00e7\u00f5es e Eventos\" \/>\n<meta property=\"og:url\" content=\"https:\/\/grupojasf.com.br\/promocoes-e-eventos\/produto\/trilhos-de-3m-branco\/\" \/>\n<meta property=\"og:site_name\" content=\"JASF Promo\u00e7\u00f5es e Eventos\" \/>\n<meta property=\"article:modified_time\" content=\"2021-12-21T22:19:00+00:00\" \/>\n<meta property=\"og:image\" content=\"https:\/\/grupojasf.com.br\/promocoes-e-eventos\/wp-content\/uploads\/2021\/12\/53208.jpg\" \/>\n\t<meta property=\"og:image:width\" content=\"700\" \/>\n\t<meta property=\"og:image:height\" content=\"700\" \/>\n\t<meta property=\"og:image:type\" content=\"image\/jpeg\" \/>\n<meta name=\"twitter:card\" content=\"summary_large_image\" \/>\n<meta name=\"twitter:description\" content=\"[fusion_checklist icon=&quot;ok&quot; iconcolor=&quot;#aaaaaa&quot; circle=&quot;no&quot;]  \u00a0Essa mistura n\u00e3o ofusca e torna o espa\u00e7o mais aconchegante. A ideia \u00e9 fazer um jogo de cenas, criando diferentes ambienta\u00e7\u00f5es, combinando os pontos de luminosidade direta e os pontos de ilumina\u00e7\u00e3o indireta.  &nbsp;  [\/fusion_checklist]\" \/>\n<script type=\"application\/ld+json\" class=\"yoast-schema-graph\">{\"@context\":\"https:\/\/schema.org\",\"@graph\":[{\"@type\":\"WebPage\",\"@id\":\"https:\/\/grupojasf.com.br\/promocoes-e-eventos\/produto\/trilhos-de-3m-branco\/\",\"url\":\"https:\/\/grupojasf.com.br\/promocoes-e-eventos\/produto\/trilhos-de-3m-branco\/\",\"name\":\"Trilhos de 3m Branco - JASF Promo\u00e7\u00f5es e Eventos\",\"isPartOf\":{\"@id\":\"https:\/\/grupojasf.com.br\/promocoes-e-eventos\/#website\"},\"datePublished\":\"2020-07-30T19:55:19+00:00\",\"dateModified\":\"2021-12-21T22:19:00+00:00\",\"breadcrumb\":{\"@id\":\"https:\/\/grupojasf.com.br\/promocoes-e-eventos\/produto\/trilhos-de-3m-branco\/#breadcrumb\"},\"inLanguage\":\"pt-BR\",\"potentialAction\":[{\"@type\":\"ReadAction\",\"target\":[\"https:\/\/grupojasf.com.br\/promocoes-e-eventos\/produto\/trilhos-de-3m-branco\/\"]}]},{\"@type\":\"BreadcrumbList\",\"@id\":\"https:\/\/grupojasf.com.br\/promocoes-e-eventos\/produto\/trilhos-de-3m-branco\/#breadcrumb\",\"itemListElement\":[{\"@type\":\"ListItem\",\"position\":1,\"name\":\"Home\",\"item\":\"https:\/\/grupojasf.com.br\/promocoes-e-eventos\/\"},{\"@type\":\"ListItem\",\"position\":2,\"name\":\"Loja\",\"item\":\"https:\/\/grupojasf.com.br\/promocoes-e-eventos\/loja\/\"},{\"@type\":\"ListItem\",\"position\":3,\"name\":\"Trilhos de 3m Branco\"}]},{\"@type\":\"WebSite\",\"@id\":\"https:\/\/grupojasf.com.br\/promocoes-e-eventos\/#website\",\"url\":\"https:\/\/grupojasf.com.br\/promocoes-e-eventos\/\",\"name\":\"JASF Promo\u00e7\u00f5es e Eventos\",\"description\":\"Grupo Jasf\",\"potentialAction\":[{\"@type\":\"SearchAction\",\"target\":{\"@type\":\"EntryPoint\",\"urlTemplate\":\"https:\/\/grupojasf.com.br\/promocoes-e-eventos\/?s={search_term_string}\"},\"query-input\":\"required name=search_term_string\"}],\"inLanguage\":\"pt-BR\"}]}<\/script>\n<!-- \/ Yoast SEO plugin. -->","yoast_head_json":{"title":"Trilhos de 3m Branco - JASF Promo\u00e7\u00f5es e Eventos","robots":{"index":"index","follow":"follow","max-snippet":"max-snippet:-1","max-image-preview":"max-image-preview:large","max-video-preview":"max-video-preview:-1"},"canonical":"https:\/\/grupojasf.com.br\/promocoes-e-eventos\/produto\/trilhos-de-3m-branco\/","og_locale":"pt_BR","og_type":"article","og_title":"Trilhos de 3m Branco - JASF Promo\u00e7\u00f5es e Eventos","og_url":"https:\/\/grupojasf.com.br\/promocoes-e-eventos\/produto\/trilhos-de-3m-branco\/","og_site_name":"JASF Promo\u00e7\u00f5es e Eventos","article_modified_time":"2021-12-21T22:19:00+00:00","og_image":[{"width":700,"height":700,"url":"https:\/\/grupojasf.com.br\/promocoes-e-eventos\/wp-content\/uploads\/2021\/12\/53208.jpg","type":"image\/jpeg"}],"twitter_card":"summary_large_image","twitter_description":"[fusion_checklist icon=\"ok\" iconcolor=\"#aaaaaa\" circle=\"no\"]  \u00a0Essa mistura n\u00e3o ofusca e torna o espa\u00e7o mais aconchegante. A ideia \u00e9 fazer um jogo de cenas, criando diferentes ambienta\u00e7\u00f5es, combinando os pontos de luminosidade direta e os pontos de ilumina\u00e7\u00e3o indireta.  &nbsp;  [\/fusion_checklist]","schema":{"@context":"https:\/\/schema.org","@graph":[{"@type":"WebPage","@id":"https:\/\/grupojasf.com.br\/promocoes-e-eventos\/produto\/trilhos-de-3m-branco\/","url":"https:\/\/grupojasf.com.br\/promocoes-e-eventos\/produto\/trilhos-de-3m-branco\/","name":"Trilhos de 3m Branco - JASF Promo\u00e7\u00f5es e Eventos","isPartOf":{"@id":"https:\/\/grupojasf.com.br\/promocoes-e-eventos\/#website"},"datePublished":"2020-07-30T19:55:19+00:00","dateModified":"2021-12-21T22:19:00+00:00","breadcrumb":{"@id":"https:\/\/grupojasf.com.br\/promocoes-e-eventos\/produto\/trilhos-de-3m-branco\/#breadcrumb"},"inLanguage":"pt-BR","potentialAction":[{"@type":"ReadAction","target":["https:\/\/grupojasf.com.br\/promocoes-e-eventos\/produto\/trilhos-de-3m-branco\/"]}]},{"@type":"BreadcrumbList","@id":"https:\/\/grupojasf.com.br\/promocoes-e-eventos\/produto\/trilhos-de-3m-branco\/#breadcrumb","itemListElement":[{"@type":"ListItem","position":1,"name":"Home","item":"https:\/\/grupojasf.com.br\/promocoes-e-eventos\/"},{"@type":"ListItem","position":2,"name":"Loja","item":"https:\/\/grupojasf.com.br\/promocoes-e-eventos\/loja\/"},{"@type":"ListItem","position":3,"name":"Trilhos de 3m Branco"}]},{"@type":"WebSite","@id":"https:\/\/grupojasf.com.br\/promocoes-e-eventos\/#website","url":"https:\/\/grupojasf.com.br\/promocoes-e-eventos\/","name":"JASF Promo\u00e7\u00f5es e Eventos","description":"Grupo Jasf","potentialAction":[{"@type":"SearchAction","target":{"@type":"EntryPoint","urlTemplate":"https:\/\/grupojasf.com.br\/promocoes-e-eventos\/?s={search_term_string}"},"query-input":"required name=search_term_string"}],"inLanguage":"pt-BR"}]}},"_links":{"self":[{"href":"https:\/\/grupojasf.com.br\/promocoes-e-eventos\/wp-json\/wp\/v2\/product\/728"}],"collection":[{"href":"https:\/\/grupojasf.com.br\/promocoes-e-eventos\/wp-json\/wp\/v2\/product"}],"about":[{"href":"https:\/\/grupojasf.com.br\/promocoes-e-eventos\/wp-json\/wp\/v2\/types\/product"}],"replies":[{"embeddable":true,"href":"https:\/\/grupojasf.com.br\/promocoes-e-eventos\/wp-json\/wp\/v2\/comments?post=728"}],"wp:featuredmedia":[{"embeddable":true,"href":"https:\/\/grupojasf.com.br\/promocoes-e-eventos\/wp-json\/wp\/v2\/media\/2550"}],"wp:attachment":[{"href":"https:\/\/grupojasf.com.br\/promocoes-e-eventos\/wp-json\/wp\/v2\/media?parent=728"}],"wp:term":[{"taxonomy":"product_cat","embeddable":true,"href":"https:\/\/grupojasf.com.br\/promocoes-e-eventos\/wp-json\/wp\/v2\/product_cat?post=728"},{"taxonomy":"product_tag","embeddable":true,"href":"https:\/\/grupojasf.com.br\/promocoes-e-eventos\/wp-json\/wp\/v2\/product_tag?post=728"}],"curies":[{"name":"wp","href":"https:\/\/api.w.org\/{rel}","templated":true}]}}